{"id":55119,"date":"2025-01-30T12:30:24","date_gmt":"2025-01-30T10:30:24","guid":{"rendered":"https:\/\/silmajaam.ee\/?page_id=55119"},"modified":"2025-01-30T12:30:29","modified_gmt":"2025-01-30T10:30:29","slug":"varinako","status":"publish","type":"page","link":"https:\/\/silmajaam.ee\/?page_id=55119&lang=fi","title":{"rendered":"V\u00c4RISOKEUS ja V\u00c4RIN\u00c4K\u00d6  \/  Lasit v\u00e4risokeille"},"content":{"rendered":"\n<div style=\"height:58px\" aria-hidden=\"true\" class=\"wp-block-spacer\"><\/div>\n\n\n\n<p class=\"has-black-color has-text-color has-background has-link-color has-medium-font-size wp-elements-c55c246dba463f3f7853d11d73bf45cd\" style=\"background:linear-gradient(135deg,rgb(74,234,220) 0%,rgb(249,245,250) 20%,rgb(236,217,217) 40%,rgb(242,130,181) 60%,rgb(237,237,237) 80%,rgb(254,248,76) 100%)\"><strong><a href=\"https:\/\/enchroma.com\/pages\/test?utm_source=badge&amp;utm_medium=external&amp;utm_campaign=test-badge&amp;utm_term=badge&amp;utm_content=large\">EnChroma<\/a><\/strong> -v\u00e4rin\u00e4k\u00f6lasit voidaan valmistaa yksil\u00f6llisill\u00e4 silm\u00e4lasivoimakkuuksilla, niin <strong>yksi<\/strong>&#8211; kuin <strong>monitehoinakin<\/strong>. Linssit voidaan hioa mihin vain tavalliseen silm\u00e4lasikehykseen <strong>omilla silm\u00e4lasivoimakkuuksilla<\/strong>.<\/p>\n\n\n<div class=\"wp-block-image\">\n<figure class=\"aligncenter size-large is-resized\"><img loading=\"lazy\" decoding=\"async\" width=\"1024\" height=\"1024\" src=\"https:\/\/silmajaam.ee\/wp-content\/uploads\/2023\/12\/red-green-blindness-1024x1024.png\" alt=\"\" class=\"wp-image-55216\" style=\"width:425px;height:auto\" srcset=\"https:\/\/silmajaam.ee\/wp-content\/uploads\/2023\/12\/red-green-blindness-1024x1024.png 1024w, https:\/\/silmajaam.ee\/wp-content\/uploads\/2023\/12\/red-green-blindness-300x300.png 300w, https:\/\/silmajaam.ee\/wp-content\/uploads\/2023\/12\/red-green-blindness-150x150.png 150w, https:\/\/silmajaam.ee\/wp-content\/uploads\/2023\/12\/red-green-blindness-768x768.png 768w, https:\/\/silmajaam.ee\/wp-content\/uploads\/2023\/12\/red-green-blindness-1536x1536.png 1536w, https:\/\/silmajaam.ee\/wp-content\/uploads\/2023\/12\/red-green-blindness-850x850.png 850w, https:\/\/silmajaam.ee\/wp-content\/uploads\/2023\/12\/red-green-blindness-410x410.png 410w, https:\/\/silmajaam.ee\/wp-content\/uploads\/2023\/12\/red-green-blindness-550x550.png 550w, https:\/\/silmajaam.ee\/wp-content\/uploads\/2023\/12\/red-green-blindness.png 2000w\" sizes=\"auto, (max-width: 1024px) 100vw, 1024px\" \/><\/figure>\n<\/div>\n\n\n<p>Puna-viher- ja viher-punaheikkouksia esiintyy noin 10% miehist\u00e4 ja 0,5 % naisista. V\u00e4rin\u00e4\u00f6n heikkous k\u00e4y usein ilmi vasta siin\u00e4 vaiheessa, kun sit\u00e4 aletaan tutkimaan esimerkiksi kouluterveydenhuollossa. On todettu, ett\u00e4 jopa 40% v\u00e4rin\u00e4\u00f6n heikkoudesta k\u00e4rsivist\u00e4 miehist\u00e4 eiv\u00e4t tied\u00e4 v\u00e4rin\u00e4k\u00f6ns\u00e4 puutteellisuudesta.<\/p>\n\n\n\n<p>V\u00e4rin\u00e4\u00f6n heikkoutta ei voi parantaa, mutta v\u00e4rien havainnointia voi helpottaa erilaisilla filtterilinsseill\u00e4, jotka suodattavat tiettyj\u00e4 valon aallonpituuksia ja korostavat toisia. Punaviherheikkouden avuksi tarkoitettuja linssej\u00e4 on eri s\u00e4vyisi\u00e4 ja on yksil\u00f6llist\u00e4, mink\u00e4 s\u00e4vyiset linssit kukin kokee parhaimmiksi.&nbsp;<\/p>\n\n\n\n<p>Yhdess\u00e4 asiantuntijan kanssa kartoitetaan v\u00e4rin\u00e4\u00f6n tilanne, eli tutkitaan miss\u00e4 tappisoluryhm\u00e4ss\u00e4 on suurin heikkous. T\u00e4m\u00e4n perusteella voidaan valita ja sovittaa parhaiten soveltuvat filtterilinssit. Mik\u00e4li v\u00e4rin\u00e4\u00f6n heikkous on liev\u00e4, filtterilinssien vaikutuksen huomaa heti herkemmin. Voimakkaammassa v\u00e4rin\u00e4\u00f6n heikkoudessa tappisoluryhmi\u00e4 pit\u00e4\u00e4 niin sanotusti her\u00e4tell\u00e4 ja linssien vaikutuksen huomaa noin viikon kuluttua. Joskus linssit voivat alussa aiheuttaa jopa huonovointisuutta tai p\u00e4\u00e4ns\u00e4rky\u00e4.&nbsp;<\/p>\n\n\n\n<p>Toimimme maahantuojana <strong><a href=\"https:\/\/enchroma.com\/pages\/test?utm_source=badge&amp;utm_medium=external&amp;utm_campaign=test-badge&amp;utm_term=badge&amp;utm_content=large\">EnChroma<\/a><\/strong> -v\u00e4rin\u00e4k\u00f6laseille. Ne voidaan valmistaa yksil\u00f6llisill\u00e4 silm\u00e4lasivoimakkuuksilla, niin <strong>yksi<\/strong>&#8211; kuin <strong>monitehoinakin<\/strong>. Linssit voidaan hioa mihin vain tavalliseen silm\u00e4lasikehykseen <strong>omilla silm\u00e4lasivoimakkuuksilla<\/strong>. <a href=\"https:\/\/en.wikipedia.org\/wiki\/EnChroma\"><img loading=\"lazy\" decoding=\"async\" width=\"300\" height=\"63\" class=\"wp-image-55125\" style=\"width: 300px;\" src=\"https:\/\/silmajaam.ee\/wp-content\/uploads\/2023\/12\/wikipedia.jpg\" alt=\"\" srcset=\"https:\/\/silmajaam.ee\/wp-content\/uploads\/2023\/12\/wikipedia.jpg 597w, https:\/\/silmajaam.ee\/wp-content\/uploads\/2023\/12\/wikipedia-300x63.jpg 300w, https:\/\/silmajaam.ee\/wp-content\/uploads\/2023\/12\/wikipedia-550x115.jpg 550w\" sizes=\"auto, (max-width: 300px) 100vw, 300px\" \/><\/a><\/p>\n\n\n\n<p>Meill\u00e4 on kattava valikoima testilinssej\u00e4.<\/p>\n\n\n\n<p><\/p>\n\n\n\n<p class=\"has-text-align-center\">Kokeile alla olevaa testi\u00e4 ( testi 1 ) selvitt\u00e4\u00e4ksesi onko sinulla normaali v\u00e4rin\u00e4k\u00f6:<\/p>\n\n\n<div class=\"wp-block-image\">\n<figure class=\"aligncenter size-large is-resized\"><a href=\"https:\/\/enchroma.com\/pages\/test?utm_source=badge&amp;utm_medium=external&amp;utm_campaign=test-badge&amp;utm_term=badge&amp;utm_content=large\" target=\"_blank\" rel=\"noreferrer noopener\"><img loading=\"lazy\" decoding=\"async\" width=\"630\" height=\"1024\" src=\"https:\/\/silmajaam.ee\/wp-content\/uploads\/2023\/12\/image-630x1024.png\" alt=\"\" class=\"wp-image-55120\" style=\"width:405px;height:auto\" srcset=\"https:\/\/silmajaam.ee\/wp-content\/uploads\/2023\/12\/image-630x1024.png 630w, https:\/\/silmajaam.ee\/wp-content\/uploads\/2023\/12\/image-185x300.png 185w, https:\/\/silmajaam.ee\/wp-content\/uploads\/2023\/12\/image-550x894.png 550w, https:\/\/silmajaam.ee\/wp-content\/uploads\/2023\/12\/image.png 720w\" sizes=\"auto, (max-width: 630px) 100vw, 630px\" \/><\/a><\/figure>\n<\/div>\n\n\n<hr class=\"wp-block-separator has-alpha-channel-opacity is-style-dots\"\/>\n\n\n\n<h2 class=\"wp-block-heading has-text-align-center has-medium-font-size\">Testi 2 :<\/h2>\n\n\n<div class=\"wp-block-image\">\n<figure class=\"aligncenter size-large is-resized\"><a href=\"https:\/\/www.nopeustesti.com\/varinako\/\" target=\"_blank\" rel=\"noreferrer noopener\"><img loading=\"lazy\" decoding=\"async\" width=\"1024\" height=\"565\" src=\"https:\/\/silmajaam.ee\/wp-content\/uploads\/2023\/12\/testi-2-1024x565.jpg\" alt=\"\" class=\"wp-image-55132\" style=\"width:360px;height:auto\" srcset=\"https:\/\/silmajaam.ee\/wp-content\/uploads\/2023\/12\/testi-2-1024x565.jpg 1024w, https:\/\/silmajaam.ee\/wp-content\/uploads\/2023\/12\/testi-2-300x165.jpg 300w, https:\/\/silmajaam.ee\/wp-content\/uploads\/2023\/12\/testi-2-768x424.jpg 768w, https:\/\/silmajaam.ee\/wp-content\/uploads\/2023\/12\/testi-2-550x303.jpg 550w, https:\/\/silmajaam.ee\/wp-content\/uploads\/2023\/12\/testi-2.jpg 1039w\" sizes=\"auto, (max-width: 1024px) 100vw, 1024px\" \/><\/a><\/figure>\n<\/div>\n\n\n<hr class=\"wp-block-separator has-alpha-channel-opacity is-style-wide\"\/>\n\n\n\n<p>Kuinka v\u00e4risokeat ihmiset n\u00e4kev\u00e4t maailman:<\/p>\n\n\n\n<figure class=\"wp-block-embed is-type-video is-provider-youtube wp-block-embed-youtube\"><div class=\"wp-block-embed__wrapper\">\n<iframe loading=\"lazy\" title=\"How the colorblind people see the world\" width=\"660\" height=\"371\" src=\"https:\/\/www.youtube.com\/embed\/PH2OuUPt77Y?feature=oembed\" frameborder=\"0\" allow=\"accelerometer; autoplay; clipboard-write; encrypted-media; gyroscope; picture-in-picture; web-share\" referrerpolicy=\"strict-origin-when-cross-origin\" allowfullscreen><\/iframe>\n<\/div><\/figure>\n\n\n\n<hr class=\"wp-block-separator has-alpha-channel-opacity is-style-dots\"\/>\n\n\n\n<figure class=\"wp-block-jetpack-image-compare\"><div class=\"juxtapose\" data-mode=\"horizontal\"><img loading=\"lazy\" decoding=\"async\" id=\"55162\" src=\"https:\/\/silmajaam.ee\/wp-content\/uploads\/2023\/12\/blure.webp\" alt=\"\" width=\"1600\" height=\"800\" class=\"image-compare__image-before\"\/><img loading=\"lazy\" decoding=\"async\" id=\"55165\" src=\"https:\/\/silmajaam.ee\/wp-content\/uploads\/2023\/12\/Color.webp\" alt=\"\" width=\"1600\" height=\"800\" class=\"image-compare__image-after\"\/><\/div><\/figure>\n\n\n\n<hr class=\"wp-block-separator has-alpha-channel-opacity is-style-dots\"\/>\n\n\n\n<figure class=\"wp-block-jetpack-image-compare\"><div class=\"juxtapose\" data-mode=\"horizontal\"><img loading=\"lazy\" decoding=\"async\" id=\"55186\" src=\"https:\/\/i0.wp.com\/silmajaam.ee\/wp-content\/uploads\/2023\/12\/Blind.webp?ssl=1\" alt=\"\" width=\"800\" height=\"690\" class=\"image-compare__image-before\"\/><img loading=\"lazy\" decoding=\"async\" id=\"55189\" src=\"https:\/\/i1.wp.com\/silmajaam.ee\/wp-content\/uploads\/2023\/12\/Normal_Vision.webp?ssl=1\" alt=\"\" width=\"800\" height=\"690\" class=\"image-compare__image-after\"\/><\/div><\/figure>\n\n\n\n<hr class=\"wp-block-separator has-alpha-channel-opacity is-style-dots\"\/>\n\n\n\n<figure class=\"wp-block-jetpack-image-compare\"><div class=\"juxtapose\" data-mode=\"horizontal\"><img loading=\"lazy\" decoding=\"async\" id=\"55194\" src=\"https:\/\/i0.wp.com\/silmajaam.ee\/wp-content\/uploads\/2023\/12\/Blind-1.webp?ssl=1\" alt=\"\" width=\"800\" height=\"690\" class=\"image-compare__image-before\"\/><img loading=\"lazy\" decoding=\"async\" id=\"55197\" src=\"https:\/\/i0.wp.com\/silmajaam.ee\/wp-content\/uploads\/2023\/12\/With_EnChroma.webp?ssl=1\" alt=\"\" width=\"800\" height=\"690\" class=\"image-compare__image-after\"\/><\/div><\/figure>\n\n\n\n<div style=\"height:74px\" aria-hidden=\"true\" class=\"wp-block-spacer\"><\/div>\n\n\n\n<hr class=\"wp-block-separator has-alpha-channel-opacity is-style-dots\"\/>\n\n\n\n<h3 class=\"wp-block-heading has-text-align-center has-background\" style=\"background:linear-gradient(135deg,rgb(74,234,220) 0%,rgb(214,206,228) 20%,rgb(216,117,203) 40%,rgb(209,154,178) 60%,rgb(251,105,98) 80%,rgb(254,248,76) 100%)\"><strong>Kysy Silmajaam Optika liikkeest\u00e4mme  <strong><a href=\"https:\/\/enchroma.com\/pages\/test?utm_source=badge&amp;utm_medium=external&amp;utm_campaign=test-badge&amp;utm_term=badge&amp;utm_content=large\">EnChroma<\/a><\/strong>&nbsp;silm\u00e4lasilinssej\u00e4<\/strong>&nbsp;<strong>!<\/strong><\/h3>\n\n\n\n<hr class=\"wp-block-separator has-alpha-channel-opacity\"\/>\n\n\n\n<div style=\"height:46px\" aria-hidden=\"true\" class=\"wp-block-spacer\"><\/div>\n\n\n<div class=\"wp-block-image\">\n<figure class=\"aligncenter size-large is-resized\"><img loading=\"lazy\" decoding=\"async\" width=\"1024\" height=\"341\" src=\"https:\/\/silmajaam.ee\/wp-content\/uploads\/2020\/08\/LINSSIT-OMIIN-KEHYKSIIN--1024x341.png\" alt=\"\" class=\"wp-image-24386\" style=\"width:525px;height:auto\" srcset=\"https:\/\/silmajaam.ee\/wp-content\/uploads\/2020\/08\/LINSSIT-OMIIN-KEHYKSIIN--1024x341.png 1024w, https:\/\/silmajaam.ee\/wp-content\/uploads\/2020\/08\/LINSSIT-OMIIN-KEHYKSIIN--550x183.png 550w, https:\/\/silmajaam.ee\/wp-content\/uploads\/2020\/08\/LINSSIT-OMIIN-KEHYKSIIN--300x100.png 300w, https:\/\/silmajaam.ee\/wp-content\/uploads\/2020\/08\/LINSSIT-OMIIN-KEHYKSIIN--768x256.png 768w, https:\/\/silmajaam.ee\/wp-content\/uploads\/2020\/08\/LINSSIT-OMIIN-KEHYKSIIN-.png 1500w\" sizes=\"auto, (max-width: 1024px) 100vw, 1024px\" \/><\/figure>\n<\/div>\n\n\n<h4 class=\"wp-block-heading alignwide has-text-align-center\">tai tule Silmajaam Optiikaalle ja valitse kehys meid\u00e4n valikoimastamme \u2013&nbsp;<a href=\"https:\/\/silmajaam.ee\/?product_cat=prilliraamid&#038;v=a57b8491d1d8\" target=\"_blank\" rel=\"noreferrer noopener\">KEHYKSET \u2026<\/a><\/h4>\n","protected":false},"excerpt":{"rendered":"<p>EnChroma -v\u00e4rin\u00e4k\u00f6lasit voidaan valmistaa yksil\u00f6llisill\u00e4 silm\u00e4lasivoimakkuuksilla, niin yksi&#8211; kuin monitehoinakin. Linssit voidaan hioa mihin vain tavalliseen silm\u00e4lasikehykseen omilla silm\u00e4lasivoimakkuuksilla. Puna-viher- ja viher-punaheikkouksia esiintyy noin 10% miehist\u00e4 ja 0,5 % naisista. V\u00e4rin\u00e4\u00f6n heikkous k\u00e4y usein ilmi vasta siin\u00e4 vaiheessa, kun sit\u00e4 aletaan tutkimaan esimerkiksi kouluterveydenhuollossa. On todettu, ett\u00e4 jopa 40% v\u00e4rin\u00e4\u00f6n heikkoudesta k\u00e4rsivist\u00e4 miehist\u00e4 eiv\u00e4t tied\u00e4 &hellip; <br \/><a href=\"https:\/\/silmajaam.ee\/?page_id=55119&#038;lang=fi\" class=\"more-link\">Loe edasi<\/a><\/p>\n","protected":false},"author":1,"featured_media":0,"parent":0,"menu_order":0,"comment_status":"closed","ping_status":"closed","template":"","meta":{"om_disable_all_campaigns":false,"_monsterinsights_skip_tracking":false,"_monsterinsights_sitenote_active":false,"_monsterinsights_sitenote_note":"","_monsterinsights_sitenote_category":0,"_uf_show_specific_survey":0,"_uf_disable_surveys":false,"footnotes":""},"class_list":["post-55119","page","type-page","status-publish","hentry"],"aioseo_notices":[],"yoast_head":"<!-- This site is optimized with the Yoast SEO plugin v27.5 - https:\/\/yoast.com\/product\/yoast-seo-wordpress\/ -->\n<title>V\u00c4RISOKEUS ja V\u00c4RIN\u00c4K\u00d6 \/ Lasit v\u00e4risokeille - Silmajaam Optika<\/title>\n<meta name=\"description\" content=\"EnChroma -v\u00e4rin\u00e4k\u00f6laseille. Ne voidaan valmistaa yksil\u00f6llisill\u00e4 silm\u00e4lasivoimakkuuksilla, niin yksi- kuin monitehoinakin. Vana-Viru 11 , Tallinn\" \/>\n<meta name=\"robots\" content=\"index, follow, max-snippet:-1, max-image-preview:large, max-video-preview:-1\" \/>\n<link rel=\"canonical\" href=\"https:\/\/silmajaam.ee\/?page_id=55119\" \/>\n<meta property=\"og:locale\" content=\"et_EE\" \/>\n<meta property=\"og:type\" content=\"article\" \/>\n<meta property=\"og:title\" content=\"V\u00c4RISOKEUS ja V\u00c4RIN\u00c4K\u00d6 \/ Lasit v\u00e4risokeille - Silmajaam Optika\" \/>\n<meta property=\"og:description\" content=\"EnChroma -v\u00e4rin\u00e4k\u00f6laseille. Ne voidaan valmistaa yksil\u00f6llisill\u00e4 silm\u00e4lasivoimakkuuksilla, niin yksi- kuin monitehoinakin. Vana-Viru 11 , Tallinn\" \/>\n<meta property=\"og:url\" content=\"https:\/\/silmajaam.ee\/?page_id=55119&amp;lang=fi\" \/>\n<meta property=\"og:site_name\" content=\"Silmajaam Optika\" \/>\n<meta property=\"article:modified_time\" content=\"2025-01-30T10:30:29+00:00\" \/>\n<meta property=\"og:image\" content=\"https:\/\/silmajaam.ee\/wp-content\/uploads\/2023\/12\/red-green-blindness.png\" \/>\n\t<meta property=\"og:image:width\" content=\"2000\" \/>\n\t<meta property=\"og:image:height\" content=\"2000\" \/>\n\t<meta property=\"og:image:type\" content=\"image\/png\" \/>\n<meta name=\"twitter:card\" content=\"summary_large_image\" \/>\n<meta name=\"twitter:label1\" content=\"Est. reading time\" \/>\n\t<meta name=\"twitter:data1\" content=\"4 minutit\" \/>\n<script type=\"application\/ld+json\" class=\"yoast-schema-graph\">{\"@context\":\"https:\\\/\\\/schema.org\",\"@graph\":[{\"@type\":\"WebPage\",\"@id\":\"https:\\\/\\\/silmajaam.ee\\\/?page_id=55119&lang=fi\",\"url\":\"https:\\\/\\\/silmajaam.ee\\\/?page_id=55119&lang=fi\",\"name\":\"V\u00c4RISOKEUS ja V\u00c4RIN\u00c4K\u00d6 \\\/ Lasit v\u00e4risokeille - Silmajaam Optika\",\"isPartOf\":{\"@id\":\"https:\\\/\\\/silmajaam.ee\\\/#website\"},\"primaryImageOfPage\":{\"@id\":\"https:\\\/\\\/silmajaam.ee\\\/?page_id=55119&lang=fi#primaryimage\"},\"image\":{\"@id\":\"https:\\\/\\\/silmajaam.ee\\\/?page_id=55119&lang=fi#primaryimage\"},\"thumbnailUrl\":\"https:\\\/\\\/silmajaam.ee\\\/wp-content\\\/uploads\\\/2023\\\/12\\\/red-green-blindness-1024x1024.png\",\"datePublished\":\"2025-01-30T10:30:24+00:00\",\"dateModified\":\"2025-01-30T10:30:29+00:00\",\"description\":\"EnChroma -v\u00e4rin\u00e4k\u00f6laseille. Ne voidaan valmistaa yksil\u00f6llisill\u00e4 silm\u00e4lasivoimakkuuksilla, niin yksi- kuin monitehoinakin. Vana-Viru 11 , Tallinn\",\"breadcrumb\":{\"@id\":\"https:\\\/\\\/silmajaam.ee\\\/?page_id=55119&lang=fi#breadcrumb\"},\"inLanguage\":\"et\",\"potentialAction\":[{\"@type\":\"ReadAction\",\"target\":[\"https:\\\/\\\/silmajaam.ee\\\/?page_id=55119&lang=fi\"]}]},{\"@type\":\"ImageObject\",\"inLanguage\":\"et\",\"@id\":\"https:\\\/\\\/silmajaam.ee\\\/?page_id=55119&lang=fi#primaryimage\",\"url\":\"https:\\\/\\\/silmajaam.ee\\\/wp-content\\\/uploads\\\/2023\\\/12\\\/red-green-blindness.png\",\"contentUrl\":\"https:\\\/\\\/silmajaam.ee\\\/wp-content\\\/uploads\\\/2023\\\/12\\\/red-green-blindness.png\",\"width\":2000,\"height\":2000},{\"@type\":\"BreadcrumbList\",\"@id\":\"https:\\\/\\\/silmajaam.ee\\\/?page_id=55119&lang=fi#breadcrumb\",\"itemListElement\":[{\"@type\":\"ListItem\",\"position\":1,\"name\":\"Home\",\"item\":\"https:\\\/\\\/silmajaam.ee\\\/\"},{\"@type\":\"ListItem\",\"position\":2,\"name\":\"V\u00c4RISOKEUS ja V\u00c4RIN\u00c4K\u00d6 \\\/ Lasit v\u00e4risokeille\"}]},{\"@type\":\"WebSite\",\"@id\":\"https:\\\/\\\/silmajaam.ee\\\/#website\",\"url\":\"https:\\\/\\\/silmajaam.ee\\\/\",\"name\":\"Silmajaam Optika\",\"description\":\"Kontaktl&auml;&auml;tsed, lai valik prilliraame ja erinevate omadustega prilliklaase (isetumenduvad, peegeldusvastase kattega jne)\",\"publisher\":{\"@id\":\"https:\\\/\\\/silmajaam.ee\\\/#organization\"},\"potentialAction\":[{\"@type\":\"SearchAction\",\"target\":{\"@type\":\"EntryPoint\",\"urlTemplate\":\"https:\\\/\\\/silmajaam.ee\\\/?s={search_term_string}\"},\"query-input\":{\"@type\":\"PropertyValueSpecification\",\"valueRequired\":true,\"valueName\":\"search_term_string\"}}],\"inLanguage\":\"et\"},{\"@type\":\"Organization\",\"@id\":\"https:\\\/\\\/silmajaam.ee\\\/#organization\",\"name\":\"Silmajaam Optika\",\"url\":\"https:\\\/\\\/silmajaam.ee\\\/\",\"logo\":{\"@type\":\"ImageObject\",\"inLanguage\":\"et\",\"@id\":\"https:\\\/\\\/silmajaam.ee\\\/#\\\/schema\\\/logo\\\/image\\\/\",\"url\":\"https:\\\/\\\/silmajaam.ee\\\/wp-content\\\/uploads\\\/2020\\\/01\\\/Silmajaam-Optika-Logo-2.png\",\"contentUrl\":\"https:\\\/\\\/silmajaam.ee\\\/wp-content\\\/uploads\\\/2020\\\/01\\\/Silmajaam-Optika-Logo-2.png\",\"width\":1000,\"height\":127,\"caption\":\"Silmajaam Optika\"},\"image\":{\"@id\":\"https:\\\/\\\/silmajaam.ee\\\/#\\\/schema\\\/logo\\\/image\\\/\"}}]}<\/script>\n<!-- \/ Yoast SEO plugin. -->","yoast_head_json":{"title":"V\u00c4RISOKEUS ja V\u00c4RIN\u00c4K\u00d6 \/ Lasit v\u00e4risokeille - Silmajaam Optika","description":"EnChroma -v\u00e4rin\u00e4k\u00f6laseille. Ne voidaan valmistaa yksil\u00f6llisill\u00e4 silm\u00e4lasivoimakkuuksilla, niin yksi- kuin monitehoinakin. Vana-Viru 11 , Tallinn","robots":{"index":"index","follow":"follow","max-snippet":"max-snippet:-1","max-image-preview":"max-image-preview:large","max-video-preview":"max-video-preview:-1"},"canonical":"https:\/\/silmajaam.ee\/?page_id=55119","og_locale":"et_EE","og_type":"article","og_title":"V\u00c4RISOKEUS ja V\u00c4RIN\u00c4K\u00d6 \/ Lasit v\u00e4risokeille - Silmajaam Optika","og_description":"EnChroma -v\u00e4rin\u00e4k\u00f6laseille. Ne voidaan valmistaa yksil\u00f6llisill\u00e4 silm\u00e4lasivoimakkuuksilla, niin yksi- kuin monitehoinakin. Vana-Viru 11 , Tallinn","og_url":"https:\/\/silmajaam.ee\/?page_id=55119&lang=fi","og_site_name":"Silmajaam Optika","article_modified_time":"2025-01-30T10:30:29+00:00","og_image":[{"width":2000,"height":2000,"url":"https:\/\/silmajaam.ee\/wp-content\/uploads\/2023\/12\/red-green-blindness.png","type":"image\/png"}],"twitter_card":"summary_large_image","twitter_misc":{"Est. reading time":"4 minutit"},"schema":{"@context":"https:\/\/schema.org","@graph":[{"@type":"WebPage","@id":"https:\/\/silmajaam.ee\/?page_id=55119&lang=fi","url":"https:\/\/silmajaam.ee\/?page_id=55119&lang=fi","name":"V\u00c4RISOKEUS ja V\u00c4RIN\u00c4K\u00d6 \/ Lasit v\u00e4risokeille - Silmajaam Optika","isPartOf":{"@id":"https:\/\/silmajaam.ee\/#website"},"primaryImageOfPage":{"@id":"https:\/\/silmajaam.ee\/?page_id=55119&lang=fi#primaryimage"},"image":{"@id":"https:\/\/silmajaam.ee\/?page_id=55119&lang=fi#primaryimage"},"thumbnailUrl":"https:\/\/silmajaam.ee\/wp-content\/uploads\/2023\/12\/red-green-blindness-1024x1024.png","datePublished":"2025-01-30T10:30:24+00:00","dateModified":"2025-01-30T10:30:29+00:00","description":"EnChroma -v\u00e4rin\u00e4k\u00f6laseille. Ne voidaan valmistaa yksil\u00f6llisill\u00e4 silm\u00e4lasivoimakkuuksilla, niin yksi- kuin monitehoinakin. Vana-Viru 11 , Tallinn","breadcrumb":{"@id":"https:\/\/silmajaam.ee\/?page_id=55119&lang=fi#breadcrumb"},"inLanguage":"et","potentialAction":[{"@type":"ReadAction","target":["https:\/\/silmajaam.ee\/?page_id=55119&lang=fi"]}]},{"@type":"ImageObject","inLanguage":"et","@id":"https:\/\/silmajaam.ee\/?page_id=55119&lang=fi#primaryimage","url":"https:\/\/silmajaam.ee\/wp-content\/uploads\/2023\/12\/red-green-blindness.png","contentUrl":"https:\/\/silmajaam.ee\/wp-content\/uploads\/2023\/12\/red-green-blindness.png","width":2000,"height":2000},{"@type":"BreadcrumbList","@id":"https:\/\/silmajaam.ee\/?page_id=55119&lang=fi#breadcrumb","itemListElement":[{"@type":"ListItem","position":1,"name":"Home","item":"https:\/\/silmajaam.ee\/"},{"@type":"ListItem","position":2,"name":"V\u00c4RISOKEUS ja V\u00c4RIN\u00c4K\u00d6 \/ Lasit v\u00e4risokeille"}]},{"@type":"WebSite","@id":"https:\/\/silmajaam.ee\/#website","url":"https:\/\/silmajaam.ee\/","name":"Silmajaam Optika","description":"Kontaktl&auml;&auml;tsed, lai valik prilliraame ja erinevate omadustega prilliklaase (isetumenduvad, peegeldusvastase kattega jne)","publisher":{"@id":"https:\/\/silmajaam.ee\/#organization"},"potentialAction":[{"@type":"SearchAction","target":{"@type":"EntryPoint","urlTemplate":"https:\/\/silmajaam.ee\/?s={search_term_string}"},"query-input":{"@type":"PropertyValueSpecification","valueRequired":true,"valueName":"search_term_string"}}],"inLanguage":"et"},{"@type":"Organization","@id":"https:\/\/silmajaam.ee\/#organization","name":"Silmajaam Optika","url":"https:\/\/silmajaam.ee\/","logo":{"@type":"ImageObject","inLanguage":"et","@id":"https:\/\/silmajaam.ee\/#\/schema\/logo\/image\/","url":"https:\/\/silmajaam.ee\/wp-content\/uploads\/2020\/01\/Silmajaam-Optika-Logo-2.png","contentUrl":"https:\/\/silmajaam.ee\/wp-content\/uploads\/2020\/01\/Silmajaam-Optika-Logo-2.png","width":1000,"height":127,"caption":"Silmajaam Optika"},"image":{"@id":"https:\/\/silmajaam.ee\/#\/schema\/logo\/image\/"}}]}},"jetpack_sharing_enabled":true,"_links":{"self":[{"href":"https:\/\/silmajaam.ee\/index.php?rest_route=\/wp\/v2\/pages\/55119","targetHints":{"allow":["GET"]}}],"collection":[{"href":"https:\/\/silmajaam.ee\/index.php?rest_route=\/wp\/v2\/pages"}],"about":[{"href":"https:\/\/silmajaam.ee\/index.php?rest_route=\/wp\/v2\/types\/page"}],"author":[{"embeddable":true,"href":"https:\/\/silmajaam.ee\/index.php?rest_route=\/wp\/v2\/users\/1"}],"replies":[{"embeddable":true,"href":"https:\/\/silmajaam.ee\/index.php?rest_route=%2Fwp%2Fv2%2Fcomments&post=55119"}],"version-history":[{"count":24,"href":"https:\/\/silmajaam.ee\/index.php?rest_route=\/wp\/v2\/pages\/55119\/revisions"}],"predecessor-version":[{"id":55259,"href":"https:\/\/silmajaam.ee\/index.php?rest_route=\/wp\/v2\/pages\/55119\/revisions\/55259"}],"wp:attachment":[{"href":"https:\/\/silmajaam.ee\/index.php?rest_route=%2Fwp%2Fv2%2Fmedia&parent=55119"}],"curies":[{"name":"wp","href":"https:\/\/api.w.org\/{rel}","templated":true}]}}