{"id":10033,"date":"2021-10-06T09:05:59","date_gmt":"2018-07-11T08:06:59","guid":{"rendered":"https:\/\/silmajaam.ee\/?product=biotrue-oneday-90-laatse"},"modified":"2023-06-29T11:38:57","modified_gmt":"2023-06-29T08:38:57","slug":"biotrue-oneday-bausch-lomb-90-laatse","status":"publish","type":"product","link":"https:\/\/silmajaam.ee\/?product=biotrue-oneday-bausch-lomb-90-laatse","title":{"rendered":"BioTrue ONEday  Bausch &#038; Lomb \/  90 l\u00e4\u00e4tse"},"content":{"rendered":"<h2>Biotrue ONEday<\/h2>\n<p>&nbsp;<\/p>\n<p>Biotrue ONEday 1-p\u00e4evased kontaktl\u00e4\u00e4tsed firmalt Bausch &amp; Lomb. Kontaktl\u00e4\u00e4tsede disain l\u00e4htub silma loomulikust sisekeskkonnast ja f\u00fcsioloogiast. L\u00e4\u00e4tsed on kandmisel mugavad ja v\u00f5imaldavad sarvkestale piisava hapniku ligip\u00e4\u00e4su.<\/p>\n<p>L\u00e4\u00e4tsematerjal HyperGel on kombinatsioon klassikalisest h\u00fcdrogeelist ja silikoonh\u00fcdro\u00adgeelist. Tulemuseks on suure veesisaldusega ja maksimaalse hapnikujuhtivusega kontaktl\u00e4\u00e4tsed. L\u00e4\u00e4tse pinnal olevad aktiivosakesed moodustavad lipiididest koosneva kihi, mis takistab veekadu. L\u00e4\u00e4tsed p\u00fcsivad meeldivalt niisketena ning s\u00e4ilitavad oma optilised n\u00e4itajad terve kandmisaja v\u00e4ltel. L\u00e4\u00e4tsed sisaldavad 78% vett, mis on v\u00f5rdne sarvkesta veesisaldusega.<br \/>\nBiotrue ONEday l\u00e4\u00e4tsedel on UV kiirgusblokk, mis kaitseb osaliselt silmi UVA ja UVB kiirguse eest. Kuna l\u00e4\u00e4tsed ei kata silmi t\u00e4ielikult, siis ei asenda need kvaliteetsete p\u00e4ikeseprillide kandmist.<\/p>\n","protected":false},"excerpt":{"rendered":"<h4><span style=\"color: #0000ff;\"><strong>L\u00e4\u00e4tse tugevused :\u00a0 \u00a0 \u2013 0.5 \u2026 \u2013 9.0\u00a0 \u00a0 ,\u00a0 \u00a0 + 0.5 \u2026 + 6.0<\/strong><\/span><\/h4>\n<table id=\"product-attribute-specs-table\" class=\"table table-condensed table-hover table-bordered\" style=\"height: 357px;\" width=\"598\">\n<colgroup>\n<col width=\"47%\" \/>\n<col \/><\/colgroup>\n<tbody>\n<tr class=\"first odd\">\n<td><strong>Tarneaeg<\/strong><\/td>\n<td class=\"data last\">\u00a0,, \u2013 ,,\u00a0 tugevused 2-4 t\u00f6\u00f6p\u00e4eva<\/p>\n<p>\u201c + \u201d\u00a0 tugevused 6-10 t\u00f6\u00f6p\u00e4eva<\/td>\n<\/tr>\n<tr class=\"even\">\n<td><strong>Kandmisaeg<\/strong><\/td>\n<td class=\"data last\">\u00a01 p\u00e4ev<\/td>\n<\/tr>\n<tr class=\"odd\">\n<td><strong>L\u00e4\u00e4tset\u00fc\u00fcp<\/strong><\/td>\n<td class=\"data last\">\u00a01-p\u00e4evased<\/td>\n<\/tr>\n<tr class=\"even\">\n<td><strong>Pakendis<\/strong><\/td>\n<td class=\"data last\">\u00a090<\/td>\n<\/tr>\n<tr class=\"odd\">\n<td><strong>Kumerus BC<\/strong><\/td>\n<td class=\"data last\">\u00a08.6<\/td>\n<\/tr>\n<tr class=\"even\">\n<td><strong>DIA<\/strong><\/td>\n<td class=\"data last\">\u00a014.2<\/td>\n<\/tr>\n<tr class=\"odd\">\n<td>\n<h4><strong>Dk\/t (hapniku l\u00e4bikandvus)<\/strong><\/h4>\n<\/td>\n<td class=\"data last\">\n<h4><strong>\u00a042<\/strong><\/h4>\n<\/td>\n<\/tr>\n<tr class=\"even\">\n<td><strong>Veesisaldus<\/strong><\/td>\n<td class=\"data last\">\u00a078%<\/td>\n<\/tr>\n<tr class=\"odd\">\n<td><strong>Materjal<\/strong><\/td>\n<td class=\"data last\">\u00a0nesofilcon A<\/td>\n<\/tr>\n<tr class=\"last even\">\n<td><strong>Valmistaja<\/strong><\/td>\n<td class=\"data last\">\n<h5 class=\"LC20lb DKV0Md\">\u00a0Bausch &amp; Lomb<\/h5>\n<\/td>\n<\/tr>\n<\/tbody>\n<\/table>\n","protected":false},"featured_media":10035,"template":"","meta":{"om_disable_all_campaigns":false,"_monsterinsights_skip_tracking":false,"_monsterinsights_sitenote_active":false,"_monsterinsights_sitenote_note":"","_monsterinsights_sitenote_category":0,"_uf_show_specific_survey":0,"_uf_disable_surveys":false},"product_brand":[],"product_cat":[268,269],"product_tag":[],"class_list":{"0":"post-10033","1":"product","2":"type-product","3":"status-publish","4":"has-post-thumbnail","6":"product_cat-kontaktlaatsed","7":"product_cat-uhepaevased-kontaktlaatsed","8":"tm-has-styled-variations","9":"tm-has-options","11":"first","12":"instock","13":"taxable","14":"shipping-taxable","15":"purchasable","16":"product-type-simple"},"aioseo_notices":[],"yoast_head":"<!-- This site is optimized with the Yoast SEO plugin v27.5 - https:\/\/yoast.com\/product\/yoast-seo-wordpress\/ -->\n<title>BioTrue ONEday Bausch &amp; Lomb \/ 90 l\u00e4\u00e4tse - 59.95\u20ac - Silmajaam Optika<\/title>\n<meta name=\"description\" content=\"Kontaktl\u00e4\u00e4tsede disain l\u00e4htub silma loomulikust sisekeskkonnast ja f\u00fcsioloogiast. L\u00e4\u00e4tsed v\u00f5imaldavad sarvkestale piisava hapniku ligip\u00e4\u00e4su.\" \/>\n<meta name=\"robots\" content=\"index, follow, max-snippet:-1, max-image-preview:large, max-video-preview:-1\" \/>\n<link rel=\"canonical\" href=\"https:\/\/silmajaam.ee\/?product=biotrue-oneday-bausch-lomb-90-laatse\" \/>\n<meta property=\"og:locale\" content=\"et_EE\" \/>\n<meta property=\"og:type\" content=\"article\" \/>\n<meta property=\"og:title\" content=\"BioTrue ONEday Bausch &amp; Lomb \/ 90 l\u00e4\u00e4tse - 59.95\u20ac - Silmajaam Optika\" \/>\n<meta property=\"og:description\" content=\"Kontaktl\u00e4\u00e4tsede disain l\u00e4htub silma loomulikust sisekeskkonnast ja f\u00fcsioloogiast. L\u00e4\u00e4tsed v\u00f5imaldavad sarvkestale piisava hapniku ligip\u00e4\u00e4su.\" \/>\n<meta property=\"og:url\" content=\"https:\/\/silmajaam.ee\/?product=biotrue-oneday-bausch-lomb-90-laatse\" \/>\n<meta property=\"og:site_name\" content=\"Silmajaam Optika\" \/>\n<meta property=\"article:modified_time\" content=\"2023-06-29T08:38:57+00:00\" \/>\n<meta property=\"og:image\" content=\"https:\/\/silmajaam.ee\/wp-content\/uploads\/2018\/07\/bio-true-1-day-350x350-1-e1586207929284.jpg\" \/>\n\t<meta property=\"og:image:width\" content=\"250\" \/>\n\t<meta property=\"og:image:height\" content=\"250\" \/>\n\t<meta property=\"og:image:type\" content=\"image\/jpeg\" \/>\n<meta name=\"twitter:card\" content=\"summary_large_image\" \/>\n<meta name=\"twitter:label1\" content=\"Est. reading time\" \/>\n\t<meta name=\"twitter:data1\" content=\"1 minut\" \/>\n<script type=\"application\/ld+json\" class=\"yoast-schema-graph\">{\"@context\":\"https:\\\/\\\/schema.org\",\"@graph\":[{\"@type\":\"WebPage\",\"@id\":\"https:\\\/\\\/silmajaam.ee\\\/?product=biotrue-oneday-bausch-lomb-90-laatse\",\"url\":\"https:\\\/\\\/silmajaam.ee\\\/?product=biotrue-oneday-bausch-lomb-90-laatse\",\"name\":\"BioTrue ONEday Bausch & Lomb \\\/ 90 l\u00e4\u00e4tse - 59.95\u20ac - Silmajaam Optika\",\"isPartOf\":{\"@id\":\"https:\\\/\\\/silmajaam.ee\\\/#website\"},\"primaryImageOfPage\":{\"@id\":\"https:\\\/\\\/silmajaam.ee\\\/?product=biotrue-oneday-bausch-lomb-90-laatse#primaryimage\"},\"image\":{\"@id\":\"https:\\\/\\\/silmajaam.ee\\\/?product=biotrue-oneday-bausch-lomb-90-laatse#primaryimage\"},\"thumbnailUrl\":\"https:\\\/\\\/silmajaam.ee\\\/wp-content\\\/uploads\\\/2018\\\/07\\\/bio-true-1-day-350x350-1-e1586207929284.jpg\",\"datePublished\":\"2018-07-11T08:06:59+00:00\",\"dateModified\":\"2023-06-29T08:38:57+00:00\",\"description\":\"Kontaktl\u00e4\u00e4tsede disain l\u00e4htub silma loomulikust sisekeskkonnast ja f\u00fcsioloogiast. L\u00e4\u00e4tsed v\u00f5imaldavad sarvkestale piisava hapniku ligip\u00e4\u00e4su.\",\"breadcrumb\":{\"@id\":\"https:\\\/\\\/silmajaam.ee\\\/?product=biotrue-oneday-bausch-lomb-90-laatse#breadcrumb\"},\"inLanguage\":\"et\",\"potentialAction\":[{\"@type\":\"ReadAction\",\"target\":[\"https:\\\/\\\/silmajaam.ee\\\/?product=biotrue-oneday-bausch-lomb-90-laatse\"]}]},{\"@type\":\"ImageObject\",\"inLanguage\":\"et\",\"@id\":\"https:\\\/\\\/silmajaam.ee\\\/?product=biotrue-oneday-bausch-lomb-90-laatse#primaryimage\",\"url\":\"https:\\\/\\\/silmajaam.ee\\\/wp-content\\\/uploads\\\/2018\\\/07\\\/bio-true-1-day-350x350-1-e1586207929284.jpg\",\"contentUrl\":\"https:\\\/\\\/silmajaam.ee\\\/wp-content\\\/uploads\\\/2018\\\/07\\\/bio-true-1-day-350x350-1-e1586207929284.jpg\",\"width\":250,\"height\":250},{\"@type\":\"BreadcrumbList\",\"@id\":\"https:\\\/\\\/silmajaam.ee\\\/?product=biotrue-oneday-bausch-lomb-90-laatse#breadcrumb\",\"itemListElement\":[{\"@type\":\"ListItem\",\"position\":1,\"name\":\"Home\",\"item\":\"https:\\\/\\\/silmajaam.ee\\\/\"},{\"@type\":\"ListItem\",\"position\":2,\"name\":\"Pood\",\"item\":\"https:\\\/\\\/silmajaam.ee\\\/?page_id=41861\"},{\"@type\":\"ListItem\",\"position\":3,\"name\":\"BioTrue ONEday Bausch &#038; Lomb \\\/ 90 l\u00e4\u00e4tse\"}]},{\"@type\":\"WebSite\",\"@id\":\"https:\\\/\\\/silmajaam.ee\\\/#website\",\"url\":\"https:\\\/\\\/silmajaam.ee\\\/\",\"name\":\"Silmajaam Optika\",\"description\":\"Kontaktl&auml;&auml;tsed, lai valik prilliraame ja erinevate omadustega prilliklaase (isetumenduvad, peegeldusvastase kattega jne)\",\"publisher\":{\"@id\":\"https:\\\/\\\/silmajaam.ee\\\/#organization\"},\"potentialAction\":[{\"@type\":\"SearchAction\",\"target\":{\"@type\":\"EntryPoint\",\"urlTemplate\":\"https:\\\/\\\/silmajaam.ee\\\/?s={search_term_string}\"},\"query-input\":{\"@type\":\"PropertyValueSpecification\",\"valueRequired\":true,\"valueName\":\"search_term_string\"}}],\"inLanguage\":\"et\"},{\"@type\":\"Organization\",\"@id\":\"https:\\\/\\\/silmajaam.ee\\\/#organization\",\"name\":\"Silmajaam Optika\",\"url\":\"https:\\\/\\\/silmajaam.ee\\\/\",\"logo\":{\"@type\":\"ImageObject\",\"inLanguage\":\"et\",\"@id\":\"https:\\\/\\\/silmajaam.ee\\\/#\\\/schema\\\/logo\\\/image\\\/\",\"url\":\"https:\\\/\\\/silmajaam.ee\\\/wp-content\\\/uploads\\\/2020\\\/01\\\/Silmajaam-Optika-Logo-2.png\",\"contentUrl\":\"https:\\\/\\\/silmajaam.ee\\\/wp-content\\\/uploads\\\/2020\\\/01\\\/Silmajaam-Optika-Logo-2.png\",\"width\":1000,\"height\":127,\"caption\":\"Silmajaam Optika\"},\"image\":{\"@id\":\"https:\\\/\\\/silmajaam.ee\\\/#\\\/schema\\\/logo\\\/image\\\/\"}}]}<\/script>\n<!-- \/ Yoast SEO plugin. -->","yoast_head_json":{"title":"BioTrue ONEday Bausch & Lomb \/ 90 l\u00e4\u00e4tse - 59.95\u20ac - Silmajaam Optika","description":"Kontaktl\u00e4\u00e4tsede disain l\u00e4htub silma loomulikust sisekeskkonnast ja f\u00fcsioloogiast. L\u00e4\u00e4tsed v\u00f5imaldavad sarvkestale piisava hapniku ligip\u00e4\u00e4su.","robots":{"index":"index","follow":"follow","max-snippet":"max-snippet:-1","max-image-preview":"max-image-preview:large","max-video-preview":"max-video-preview:-1"},"canonical":"https:\/\/silmajaam.ee\/?product=biotrue-oneday-bausch-lomb-90-laatse","og_locale":"et_EE","og_type":"article","og_title":"BioTrue ONEday Bausch & Lomb \/ 90 l\u00e4\u00e4tse - 59.95\u20ac - Silmajaam Optika","og_description":"Kontaktl\u00e4\u00e4tsede disain l\u00e4htub silma loomulikust sisekeskkonnast ja f\u00fcsioloogiast. L\u00e4\u00e4tsed v\u00f5imaldavad sarvkestale piisava hapniku ligip\u00e4\u00e4su.","og_url":"https:\/\/silmajaam.ee\/?product=biotrue-oneday-bausch-lomb-90-laatse","og_site_name":"Silmajaam Optika","article_modified_time":"2023-06-29T08:38:57+00:00","og_image":[{"width":250,"height":250,"url":"https:\/\/silmajaam.ee\/wp-content\/uploads\/2018\/07\/bio-true-1-day-350x350-1-e1586207929284.jpg","type":"image\/jpeg"}],"twitter_card":"summary_large_image","twitter_misc":{"Est. reading time":"1 minut"},"schema":{"@context":"https:\/\/schema.org","@graph":[{"@type":"WebPage","@id":"https:\/\/silmajaam.ee\/?product=biotrue-oneday-bausch-lomb-90-laatse","url":"https:\/\/silmajaam.ee\/?product=biotrue-oneday-bausch-lomb-90-laatse","name":"BioTrue ONEday Bausch & Lomb \/ 90 l\u00e4\u00e4tse - 59.95\u20ac - Silmajaam Optika","isPartOf":{"@id":"https:\/\/silmajaam.ee\/#website"},"primaryImageOfPage":{"@id":"https:\/\/silmajaam.ee\/?product=biotrue-oneday-bausch-lomb-90-laatse#primaryimage"},"image":{"@id":"https:\/\/silmajaam.ee\/?product=biotrue-oneday-bausch-lomb-90-laatse#primaryimage"},"thumbnailUrl":"https:\/\/silmajaam.ee\/wp-content\/uploads\/2018\/07\/bio-true-1-day-350x350-1-e1586207929284.jpg","datePublished":"2018-07-11T08:06:59+00:00","dateModified":"2023-06-29T08:38:57+00:00","description":"Kontaktl\u00e4\u00e4tsede disain l\u00e4htub silma loomulikust sisekeskkonnast ja f\u00fcsioloogiast. L\u00e4\u00e4tsed v\u00f5imaldavad sarvkestale piisava hapniku ligip\u00e4\u00e4su.","breadcrumb":{"@id":"https:\/\/silmajaam.ee\/?product=biotrue-oneday-bausch-lomb-90-laatse#breadcrumb"},"inLanguage":"et","potentialAction":[{"@type":"ReadAction","target":["https:\/\/silmajaam.ee\/?product=biotrue-oneday-bausch-lomb-90-laatse"]}]},{"@type":"ImageObject","inLanguage":"et","@id":"https:\/\/silmajaam.ee\/?product=biotrue-oneday-bausch-lomb-90-laatse#primaryimage","url":"https:\/\/silmajaam.ee\/wp-content\/uploads\/2018\/07\/bio-true-1-day-350x350-1-e1586207929284.jpg","contentUrl":"https:\/\/silmajaam.ee\/wp-content\/uploads\/2018\/07\/bio-true-1-day-350x350-1-e1586207929284.jpg","width":250,"height":250},{"@type":"BreadcrumbList","@id":"https:\/\/silmajaam.ee\/?product=biotrue-oneday-bausch-lomb-90-laatse#breadcrumb","itemListElement":[{"@type":"ListItem","position":1,"name":"Home","item":"https:\/\/silmajaam.ee\/"},{"@type":"ListItem","position":2,"name":"Pood","item":"https:\/\/silmajaam.ee\/?page_id=41861"},{"@type":"ListItem","position":3,"name":"BioTrue ONEday Bausch &#038; Lomb \/ 90 l\u00e4\u00e4tse"}]},{"@type":"WebSite","@id":"https:\/\/silmajaam.ee\/#website","url":"https:\/\/silmajaam.ee\/","name":"Silmajaam Optika","description":"Kontaktl&auml;&auml;tsed, lai valik prilliraame ja erinevate omadustega prilliklaase (isetumenduvad, peegeldusvastase kattega jne)","publisher":{"@id":"https:\/\/silmajaam.ee\/#organization"},"potentialAction":[{"@type":"SearchAction","target":{"@type":"EntryPoint","urlTemplate":"https:\/\/silmajaam.ee\/?s={search_term_string}"},"query-input":{"@type":"PropertyValueSpecification","valueRequired":true,"valueName":"search_term_string"}}],"inLanguage":"et"},{"@type":"Organization","@id":"https:\/\/silmajaam.ee\/#organization","name":"Silmajaam Optika","url":"https:\/\/silmajaam.ee\/","logo":{"@type":"ImageObject","inLanguage":"et","@id":"https:\/\/silmajaam.ee\/#\/schema\/logo\/image\/","url":"https:\/\/silmajaam.ee\/wp-content\/uploads\/2020\/01\/Silmajaam-Optika-Logo-2.png","contentUrl":"https:\/\/silmajaam.ee\/wp-content\/uploads\/2020\/01\/Silmajaam-Optika-Logo-2.png","width":1000,"height":127,"caption":"Silmajaam Optika"},"image":{"@id":"https:\/\/silmajaam.ee\/#\/schema\/logo\/image\/"}}]}},"jetpack_sharing_enabled":true,"_links":{"self":[{"href":"https:\/\/silmajaam.ee\/index.php?rest_route=\/wp\/v2\/product\/10033","targetHints":{"allow":["GET"]}}],"collection":[{"href":"https:\/\/silmajaam.ee\/index.php?rest_route=\/wp\/v2\/product"}],"about":[{"href":"https:\/\/silmajaam.ee\/index.php?rest_route=\/wp\/v2\/types\/product"}],"wp:featuredmedia":[{"embeddable":true,"href":"https:\/\/silmajaam.ee\/index.php?rest_route=\/wp\/v2\/media\/10035"}],"wp:attachment":[{"href":"https:\/\/silmajaam.ee\/index.php?rest_route=%2Fwp%2Fv2%2Fmedia&parent=10033"}],"wp:term":[{"taxonomy":"product_brand","embeddable":true,"href":"https:\/\/silmajaam.ee\/index.php?rest_route=%2Fwp%2Fv2%2Fproduct_brand&post=10033"},{"taxonomy":"product_cat","embeddable":true,"href":"https:\/\/silmajaam.ee\/index.php?rest_route=%2Fwp%2Fv2%2Fproduct_cat&post=10033"},{"taxonomy":"product_tag","embeddable":true,"href":"https:\/\/silmajaam.ee\/index.php?rest_route=%2Fwp%2Fv2%2Fproduct_tag&post=10033"}],"curies":[{"name":"wp","href":"https:\/\/api.w.org\/{rel}","templated":true}]}}