{"id":10037,"date":"2020-05-17T15:30:52","date_gmt":"2018-07-11T08:06:52","guid":{"rendered":"https:\/\/silmajaam.ee\/?product=soflens-daily-disposable-30-laatse"},"modified":"2023-11-09T14:53:41","modified_gmt":"2023-11-09T11:53:41","slug":"soflens-daily-disposable-1-day-bauschlomb-30-laatse","status":"publish","type":"product","link":"https:\/\/silmajaam.ee\/?product=soflens-daily-disposable-1-day-bauschlomb-30-laatse","title":{"rendered":"SofLens\u00ae Daily Disposable  1-day   Bausch&#038;Lomb   \/ 30 l\u00e4\u00e4tse"},"content":{"rendered":"<h3 class=\"js-pf-current\">SofLens Daily Disposable<\/h3>\n<p>&nbsp;<\/p>\n<p>SofLens Daily Disposable \u00fchep\u00e4evaste kontaktl\u00e4\u00e4tsede valmistamisel on kasutatud mustust\/j\u00e4\u00e4kaineid t\u00f5rjuvat materjali ning uudset ComfortMoist tehnoloogiat. L\u00e4\u00e4tsede hoidelahusesse lisatud poloksamiin tekitab \u00fcmber l\u00e4\u00e4tse niiskust ligit\u00f5mbava padjandi, mis omakorda koost\u00f6\u00f6s silma enda pisaravedelikuga v\u00f5imaldab kogu p\u00e4eva kestvat kandmismugavust.<\/p>\n","protected":false},"excerpt":{"rendered":"<h4><span style=\"color: #0000ff;\"><strong>L\u00e4\u00e4tse tugevused :\u00a0 \u00a0 \u2013 0.5 \u2026 \u2013 9.0<\/strong><\/span><\/h4>\n<table id=\"product-attribute-specs-table\" class=\"table table-condensed table-hover table-bordered\" style=\"height: 357px;\" width=\"598\">\n<colgroup>\n<col width=\"47%\" \/>\n<col \/><\/colgroup>\n<tbody>\n<tr class=\"first odd\">\n<td><strong>Tarneaeg<\/strong><\/td>\n<td class=\"data last\">\u00a02-4 t\u00f6\u00f6p\u00e4eva<\/td>\n<\/tr>\n<tr class=\"even\">\n<td><strong>Kandmisaeg<\/strong><\/td>\n<td class=\"data last\">\u00a01 p\u00e4ev<\/td>\n<\/tr>\n<tr class=\"odd\">\n<td><strong>L\u00e4\u00e4tset\u00fc\u00fcp<\/strong><\/td>\n<td class=\"data last\">\u00a01-p\u00e4evased<\/td>\n<\/tr>\n<tr class=\"even\">\n<td><strong>Pakendis<\/strong><\/td>\n<td class=\"data last\">30<\/td>\n<\/tr>\n<tr class=\"odd\">\n<td><strong>Kumerus BC<\/strong><\/td>\n<td class=\"data last\">\u00a08.6<\/td>\n<\/tr>\n<tr class=\"even\">\n<td><strong>DIA<\/strong><\/td>\n<td class=\"data last\">\u00a014.2<\/td>\n<\/tr>\n<tr class=\"odd\">\n<td>\n<h4><strong>Dk\/t (hapniku l\u00e4bikandvus)<\/strong><\/h4>\n<\/td>\n<td class=\"data last\">\n<h4><strong>\u00a024<\/strong><\/h4>\n<\/td>\n<\/tr>\n<tr class=\"even\">\n<td><strong>Veesisaldus<\/strong><\/td>\n<td class=\"data last\">\u00a059%<\/td>\n<\/tr>\n<tr class=\"odd\">\n<td><strong>Materjal<\/strong><\/td>\n<td class=\"data last\">\u00a0Hilafilcon B<\/td>\n<\/tr>\n<tr class=\"last even\">\n<td><strong>Valmistaja<\/strong><\/td>\n<td class=\"data last\">\u00a0Ciba Vision \/ Alcon<\/td>\n<\/tr>\n<\/tbody>\n<\/table>\n","protected":false},"featured_media":10038,"template":"","meta":{"om_disable_all_campaigns":false,"_monsterinsights_skip_tracking":false,"_monsterinsights_sitenote_active":false,"_monsterinsights_sitenote_note":"","_monsterinsights_sitenote_category":0,"_uf_show_specific_survey":0,"_uf_disable_surveys":false},"product_brand":[],"product_cat":[268,269],"product_tag":[351],"class_list":{"0":"post-10037","1":"product","2":"type-product","3":"status-publish","4":"has-post-thumbnail","6":"product_cat-kontaktlaatsed","7":"product_cat-uhepaevased-kontaktlaatsed","8":"product_tag-populaarne","9":"tm-has-styled-variations","10":"tm-has-options","12":"first","13":"instock","14":"taxable","15":"shipping-taxable","16":"purchasable","17":"product-type-simple"},"aioseo_notices":[],"yoast_head":"<!-- This site is optimized with the Yoast SEO plugin v27.5 - https:\/\/yoast.com\/product\/yoast-seo-wordpress\/ -->\n<title>SofLens\u00ae Daily Disposable 1-day  Bausch&amp;Lomb  \/ 30 l\u00e4\u00e4tse - 17.95 \u20ac - Silmajaam Optika<\/title>\n<meta name=\"description\" content=\"SofLens Daily Disposable valmistamisel on kasutatud mustust\/j\u00e4\u00e4kaineid t\u00f5rjuvat materjali ning uudset ComfortMoist tehnoloogiat . Vana-Viru 11 , Tallinn\" \/>\n<meta name=\"robots\" content=\"index, follow, max-snippet:-1, max-image-preview:large, max-video-preview:-1\" \/>\n<link rel=\"canonical\" href=\"https:\/\/silmajaam.ee\/?product=soflens-daily-disposable-1-day-bauschlomb-30-laatse\" \/>\n<meta property=\"og:locale\" content=\"et_EE\" \/>\n<meta property=\"og:type\" content=\"article\" \/>\n<meta property=\"og:title\" content=\"SofLens\u00ae Daily Disposable 1-day  Bausch&amp;Lomb  \/ 30 l\u00e4\u00e4tse - 17.95 \u20ac - Silmajaam Optika\" \/>\n<meta property=\"og:description\" content=\"SofLens Daily Disposable valmistamisel on kasutatud mustust\/j\u00e4\u00e4kaineid t\u00f5rjuvat materjali ning uudset ComfortMoist tehnoloogiat . Vana-Viru 11 , Tallinn\" \/>\n<meta property=\"og:url\" content=\"https:\/\/silmajaam.ee\/?product=soflens-daily-disposable-1-day-bauschlomb-30-laatse\" \/>\n<meta property=\"og:site_name\" content=\"Silmajaam Optika\" \/>\n<meta property=\"article:modified_time\" content=\"2023-11-09T11:53:41+00:00\" \/>\n<meta property=\"og:image\" content=\"https:\/\/silmajaam.ee\/wp-content\/uploads\/2018\/07\/soflens-daily-diposable-350x350-1-e1586207999302.jpg\" \/>\n\t<meta property=\"og:image:width\" content=\"250\" \/>\n\t<meta property=\"og:image:height\" content=\"250\" \/>\n\t<meta property=\"og:image:type\" content=\"image\/jpeg\" \/>\n<meta name=\"twitter:card\" content=\"summary_large_image\" \/>\n<meta name=\"twitter:label1\" content=\"Est. reading time\" \/>\n\t<meta name=\"twitter:data1\" content=\"1 minut\" \/>\n<script type=\"application\/ld+json\" class=\"yoast-schema-graph\">{\"@context\":\"https:\\\/\\\/schema.org\",\"@graph\":[{\"@type\":\"WebPage\",\"@id\":\"https:\\\/\\\/silmajaam.ee\\\/?product=soflens-daily-disposable-1-day-bauschlomb-30-laatse\",\"url\":\"https:\\\/\\\/silmajaam.ee\\\/?product=soflens-daily-disposable-1-day-bauschlomb-30-laatse\",\"name\":\"SofLens\u00ae Daily Disposable 1-day Bausch&Lomb \\\/ 30 l\u00e4\u00e4tse - 17.95 \u20ac - Silmajaam Optika\",\"isPartOf\":{\"@id\":\"https:\\\/\\\/silmajaam.ee\\\/#website\"},\"primaryImageOfPage\":{\"@id\":\"https:\\\/\\\/silmajaam.ee\\\/?product=soflens-daily-disposable-1-day-bauschlomb-30-laatse#primaryimage\"},\"image\":{\"@id\":\"https:\\\/\\\/silmajaam.ee\\\/?product=soflens-daily-disposable-1-day-bauschlomb-30-laatse#primaryimage\"},\"thumbnailUrl\":\"https:\\\/\\\/silmajaam.ee\\\/wp-content\\\/uploads\\\/2018\\\/07\\\/soflens-daily-diposable-350x350-1-e1586207999302.jpg\",\"datePublished\":\"2018-07-11T08:06:52+00:00\",\"dateModified\":\"2023-11-09T11:53:41+00:00\",\"description\":\"SofLens Daily Disposable valmistamisel on kasutatud mustust\\\/j\u00e4\u00e4kaineid t\u00f5rjuvat materjali ning uudset ComfortMoist tehnoloogiat . Vana-Viru 11 , Tallinn\",\"breadcrumb\":{\"@id\":\"https:\\\/\\\/silmajaam.ee\\\/?product=soflens-daily-disposable-1-day-bauschlomb-30-laatse#breadcrumb\"},\"inLanguage\":\"et\",\"potentialAction\":[{\"@type\":\"ReadAction\",\"target\":[\"https:\\\/\\\/silmajaam.ee\\\/?product=soflens-daily-disposable-1-day-bauschlomb-30-laatse\"]}]},{\"@type\":\"ImageObject\",\"inLanguage\":\"et\",\"@id\":\"https:\\\/\\\/silmajaam.ee\\\/?product=soflens-daily-disposable-1-day-bauschlomb-30-laatse#primaryimage\",\"url\":\"https:\\\/\\\/silmajaam.ee\\\/wp-content\\\/uploads\\\/2018\\\/07\\\/soflens-daily-diposable-350x350-1-e1586207999302.jpg\",\"contentUrl\":\"https:\\\/\\\/silmajaam.ee\\\/wp-content\\\/uploads\\\/2018\\\/07\\\/soflens-daily-diposable-350x350-1-e1586207999302.jpg\",\"width\":250,\"height\":250},{\"@type\":\"BreadcrumbList\",\"@id\":\"https:\\\/\\\/silmajaam.ee\\\/?product=soflens-daily-disposable-1-day-bauschlomb-30-laatse#breadcrumb\",\"itemListElement\":[{\"@type\":\"ListItem\",\"position\":1,\"name\":\"Home\",\"item\":\"https:\\\/\\\/silmajaam.ee\\\/\"},{\"@type\":\"ListItem\",\"position\":2,\"name\":\"Pood\",\"item\":\"https:\\\/\\\/silmajaam.ee\\\/?page_id=41861\"},{\"@type\":\"ListItem\",\"position\":3,\"name\":\"SofLens\u00ae Daily Disposable 1-day Bausch&#038;Lomb \\\/ 30 l\u00e4\u00e4tse\"}]},{\"@type\":\"WebSite\",\"@id\":\"https:\\\/\\\/silmajaam.ee\\\/#website\",\"url\":\"https:\\\/\\\/silmajaam.ee\\\/\",\"name\":\"Silmajaam Optika\",\"description\":\"Kontaktl&auml;&auml;tsed, lai valik prilliraame ja erinevate omadustega prilliklaase (isetumenduvad, peegeldusvastase kattega jne)\",\"publisher\":{\"@id\":\"https:\\\/\\\/silmajaam.ee\\\/#organization\"},\"potentialAction\":[{\"@type\":\"SearchAction\",\"target\":{\"@type\":\"EntryPoint\",\"urlTemplate\":\"https:\\\/\\\/silmajaam.ee\\\/?s={search_term_string}\"},\"query-input\":{\"@type\":\"PropertyValueSpecification\",\"valueRequired\":true,\"valueName\":\"search_term_string\"}}],\"inLanguage\":\"et\"},{\"@type\":\"Organization\",\"@id\":\"https:\\\/\\\/silmajaam.ee\\\/#organization\",\"name\":\"Silmajaam Optika\",\"url\":\"https:\\\/\\\/silmajaam.ee\\\/\",\"logo\":{\"@type\":\"ImageObject\",\"inLanguage\":\"et\",\"@id\":\"https:\\\/\\\/silmajaam.ee\\\/#\\\/schema\\\/logo\\\/image\\\/\",\"url\":\"https:\\\/\\\/silmajaam.ee\\\/wp-content\\\/uploads\\\/2020\\\/01\\\/Silmajaam-Optika-Logo-2.png\",\"contentUrl\":\"https:\\\/\\\/silmajaam.ee\\\/wp-content\\\/uploads\\\/2020\\\/01\\\/Silmajaam-Optika-Logo-2.png\",\"width\":1000,\"height\":127,\"caption\":\"Silmajaam Optika\"},\"image\":{\"@id\":\"https:\\\/\\\/silmajaam.ee\\\/#\\\/schema\\\/logo\\\/image\\\/\"}}]}<\/script>\n<!-- \/ Yoast SEO plugin. -->","yoast_head_json":{"title":"SofLens\u00ae Daily Disposable 1-day  Bausch&Lomb  \/ 30 l\u00e4\u00e4tse - 17.95 \u20ac - Silmajaam Optika","description":"SofLens Daily Disposable valmistamisel on kasutatud mustust\/j\u00e4\u00e4kaineid t\u00f5rjuvat materjali ning uudset ComfortMoist tehnoloogiat . Vana-Viru 11 , Tallinn","robots":{"index":"index","follow":"follow","max-snippet":"max-snippet:-1","max-image-preview":"max-image-preview:large","max-video-preview":"max-video-preview:-1"},"canonical":"https:\/\/silmajaam.ee\/?product=soflens-daily-disposable-1-day-bauschlomb-30-laatse","og_locale":"et_EE","og_type":"article","og_title":"SofLens\u00ae Daily Disposable 1-day  Bausch&Lomb  \/ 30 l\u00e4\u00e4tse - 17.95 \u20ac - Silmajaam Optika","og_description":"SofLens Daily Disposable valmistamisel on kasutatud mustust\/j\u00e4\u00e4kaineid t\u00f5rjuvat materjali ning uudset ComfortMoist tehnoloogiat . Vana-Viru 11 , Tallinn","og_url":"https:\/\/silmajaam.ee\/?product=soflens-daily-disposable-1-day-bauschlomb-30-laatse","og_site_name":"Silmajaam Optika","article_modified_time":"2023-11-09T11:53:41+00:00","og_image":[{"width":250,"height":250,"url":"https:\/\/silmajaam.ee\/wp-content\/uploads\/2018\/07\/soflens-daily-diposable-350x350-1-e1586207999302.jpg","type":"image\/jpeg"}],"twitter_card":"summary_large_image","twitter_misc":{"Est. reading time":"1 minut"},"schema":{"@context":"https:\/\/schema.org","@graph":[{"@type":"WebPage","@id":"https:\/\/silmajaam.ee\/?product=soflens-daily-disposable-1-day-bauschlomb-30-laatse","url":"https:\/\/silmajaam.ee\/?product=soflens-daily-disposable-1-day-bauschlomb-30-laatse","name":"SofLens\u00ae Daily Disposable 1-day Bausch&Lomb \/ 30 l\u00e4\u00e4tse - 17.95 \u20ac - Silmajaam Optika","isPartOf":{"@id":"https:\/\/silmajaam.ee\/#website"},"primaryImageOfPage":{"@id":"https:\/\/silmajaam.ee\/?product=soflens-daily-disposable-1-day-bauschlomb-30-laatse#primaryimage"},"image":{"@id":"https:\/\/silmajaam.ee\/?product=soflens-daily-disposable-1-day-bauschlomb-30-laatse#primaryimage"},"thumbnailUrl":"https:\/\/silmajaam.ee\/wp-content\/uploads\/2018\/07\/soflens-daily-diposable-350x350-1-e1586207999302.jpg","datePublished":"2018-07-11T08:06:52+00:00","dateModified":"2023-11-09T11:53:41+00:00","description":"SofLens Daily Disposable valmistamisel on kasutatud mustust\/j\u00e4\u00e4kaineid t\u00f5rjuvat materjali ning uudset ComfortMoist tehnoloogiat . Vana-Viru 11 , Tallinn","breadcrumb":{"@id":"https:\/\/silmajaam.ee\/?product=soflens-daily-disposable-1-day-bauschlomb-30-laatse#breadcrumb"},"inLanguage":"et","potentialAction":[{"@type":"ReadAction","target":["https:\/\/silmajaam.ee\/?product=soflens-daily-disposable-1-day-bauschlomb-30-laatse"]}]},{"@type":"ImageObject","inLanguage":"et","@id":"https:\/\/silmajaam.ee\/?product=soflens-daily-disposable-1-day-bauschlomb-30-laatse#primaryimage","url":"https:\/\/silmajaam.ee\/wp-content\/uploads\/2018\/07\/soflens-daily-diposable-350x350-1-e1586207999302.jpg","contentUrl":"https:\/\/silmajaam.ee\/wp-content\/uploads\/2018\/07\/soflens-daily-diposable-350x350-1-e1586207999302.jpg","width":250,"height":250},{"@type":"BreadcrumbList","@id":"https:\/\/silmajaam.ee\/?product=soflens-daily-disposable-1-day-bauschlomb-30-laatse#breadcrumb","itemListElement":[{"@type":"ListItem","position":1,"name":"Home","item":"https:\/\/silmajaam.ee\/"},{"@type":"ListItem","position":2,"name":"Pood","item":"https:\/\/silmajaam.ee\/?page_id=41861"},{"@type":"ListItem","position":3,"name":"SofLens\u00ae Daily Disposable 1-day Bausch&#038;Lomb \/ 30 l\u00e4\u00e4tse"}]},{"@type":"WebSite","@id":"https:\/\/silmajaam.ee\/#website","url":"https:\/\/silmajaam.ee\/","name":"Silmajaam Optika","description":"Kontaktl&auml;&auml;tsed, lai valik prilliraame ja erinevate omadustega prilliklaase (isetumenduvad, peegeldusvastase kattega jne)","publisher":{"@id":"https:\/\/silmajaam.ee\/#organization"},"potentialAction":[{"@type":"SearchAction","target":{"@type":"EntryPoint","urlTemplate":"https:\/\/silmajaam.ee\/?s={search_term_string}"},"query-input":{"@type":"PropertyValueSpecification","valueRequired":true,"valueName":"search_term_string"}}],"inLanguage":"et"},{"@type":"Organization","@id":"https:\/\/silmajaam.ee\/#organization","name":"Silmajaam Optika","url":"https:\/\/silmajaam.ee\/","logo":{"@type":"ImageObject","inLanguage":"et","@id":"https:\/\/silmajaam.ee\/#\/schema\/logo\/image\/","url":"https:\/\/silmajaam.ee\/wp-content\/uploads\/2020\/01\/Silmajaam-Optika-Logo-2.png","contentUrl":"https:\/\/silmajaam.ee\/wp-content\/uploads\/2020\/01\/Silmajaam-Optika-Logo-2.png","width":1000,"height":127,"caption":"Silmajaam Optika"},"image":{"@id":"https:\/\/silmajaam.ee\/#\/schema\/logo\/image\/"}}]}},"jetpack_sharing_enabled":true,"_links":{"self":[{"href":"https:\/\/silmajaam.ee\/index.php?rest_route=\/wp\/v2\/product\/10037","targetHints":{"allow":["GET"]}}],"collection":[{"href":"https:\/\/silmajaam.ee\/index.php?rest_route=\/wp\/v2\/product"}],"about":[{"href":"https:\/\/silmajaam.ee\/index.php?rest_route=\/wp\/v2\/types\/product"}],"wp:featuredmedia":[{"embeddable":true,"href":"https:\/\/silmajaam.ee\/index.php?rest_route=\/wp\/v2\/media\/10038"}],"wp:attachment":[{"href":"https:\/\/silmajaam.ee\/index.php?rest_route=%2Fwp%2Fv2%2Fmedia&parent=10037"}],"wp:term":[{"taxonomy":"product_brand","embeddable":true,"href":"https:\/\/silmajaam.ee\/index.php?rest_route=%2Fwp%2Fv2%2Fproduct_brand&post=10037"},{"taxonomy":"product_cat","embeddable":true,"href":"https:\/\/silmajaam.ee\/index.php?rest_route=%2Fwp%2Fv2%2Fproduct_cat&post=10037"},{"taxonomy":"product_tag","embeddable":true,"href":"https:\/\/silmajaam.ee\/index.php?rest_route=%2Fwp%2Fv2%2Fproduct_tag&post=10037"}],"curies":[{"name":"wp","href":"https:\/\/api.w.org\/{rel}","templated":true}]}}