{"id":29860,"date":"2021-11-20T12:10:05","date_gmt":"2020-06-11T08:58:05","guid":{"rendered":"https:\/\/silmajaam.ee\/?post_type=product&#038;p=29860"},"modified":"2024-12-19T11:44:15","modified_gmt":"2024-12-19T09:44:15","slug":"proclear-1-day-10-laatse-blisterites","status":"publish","type":"product","link":"https:\/\/silmajaam.ee\/?product=proclear-1-day-10-laatse-blisterites","title":{"rendered":"Proclear\u00ae 1 day &#8211; Cooper Vision \/ 10 l\u00e4\u00e4tse blisterites"},"content":{"rendered":"<h1>Proclear 1 Day<\/h1>\n<p><strong>Proclear 1\u00a0Day<\/strong>\u00a0l\u00e4\u00e4tsed on valmistatud unikaalsest fosfor\u00fc\u00fclkoliini (PC) molekule sisaldavast materjalist. PC on aine, mida leidub ka inimese rakumembraanides. PC molekulid t\u00f5mbavad ligi ja \u00fcmbritsevad end veega, mist\u00f5ttu l\u00e4\u00e4tsed p\u00fcsivad niisketena ning takistavad valguj\u00e4\u00e4kide ja tolmu ladestumist. Nn PC tehnoloogia tagab l\u00e4\u00e4tsede mugava ja tervisliku kandmise. L\u00e4\u00e4tsede \u00fcmar serv v\u00e4hendab silma sidekesta \u00e4rritust.\u00a0M\u00fc\u00fcgil ka nimega VISIO Daily Aquafinity.<\/p>\n","protected":false},"excerpt":{"rendered":"<h4><span style=\"color: #0000ff;\"><strong>L\u00e4\u00e4tse tugevused :\u00a0 \u00a0 \u2013 0.5 \u2026 \u2013 12.0<\/strong><\/span><\/h4>\n<table id=\"product-attribute-specs-table\" class=\"table table-condensed table-hover table-bordered\" style=\"height: 462px;\" width=\"670\">\n<colgroup>\n<col width=\"47%\" \/>\n<col \/><\/colgroup>\n<tbody>\n<tr class=\"first odd\">\n<td><strong>Tarneaeg<\/strong><\/td>\n<td class=\"data last\">2-4 t\u00f6\u00f6p\u00e4eva<\/td>\n<\/tr>\n<tr class=\"even\">\n<td><strong>Kandmisaeg<\/strong><\/td>\n<td class=\"data last\">\u00a01 p\u00e4ev<\/td>\n<\/tr>\n<tr class=\"odd\">\n<td><strong>L\u00e4\u00e4tset\u00fc\u00fcp<\/strong><\/td>\n<td class=\"data last\">\u00a01-p\u00e4evased<\/td>\n<\/tr>\n<tr class=\"even\">\n<td><strong>Pakendis<\/strong><\/td>\n<td class=\"data last\">\u00a010<\/td>\n<\/tr>\n<tr class=\"odd\">\n<td><strong>Kumerus BC<\/strong><\/td>\n<td class=\"data last\">\u00a08.7<\/td>\n<\/tr>\n<tr class=\"even\">\n<td><strong>DIA<\/strong><\/td>\n<td class=\"data last\">\u00a014.2<\/td>\n<\/tr>\n<tr class=\"odd\">\n<td>\n<h4><strong>Dk\/t (hapniku l\u00e4bikandvus)<\/strong><\/h4>\n<\/td>\n<td class=\"data last\">\n<h4><strong>\u00a028<\/strong><\/h4>\n<\/td>\n<\/tr>\n<tr class=\"even\">\n<td><strong>Veesisaldus<\/strong><\/td>\n<td class=\"data last\">\u00a060 %<\/td>\n<\/tr>\n<tr class=\"odd\">\n<td><strong>Materjal<\/strong><\/td>\n<td class=\"data last\">\u00a0Omafilcon A<\/td>\n<\/tr>\n<tr class=\"last even\">\n<td><strong>Valmistaja<\/strong><\/td>\n<td class=\"data last\">\u00a0Cooper Vision<\/td>\n<\/tr>\n<\/tbody>\n<\/table>\n","protected":false},"featured_media":43441,"template":"","meta":{"om_disable_all_campaigns":false,"_monsterinsights_skip_tracking":false,"_monsterinsights_sitenote_active":false,"_monsterinsights_sitenote_note":"","_monsterinsights_sitenote_category":0,"_uf_show_specific_survey":0,"_uf_disable_surveys":false},"product_brand":[],"product_cat":[268,269],"product_tag":[],"class_list":{"0":"post-29860","1":"product","2":"type-product","3":"status-publish","4":"has-post-thumbnail","6":"product_cat-kontaktlaatsed","7":"product_cat-uhepaevased-kontaktlaatsed","8":"tm-has-styled-variations","9":"tm-has-options","11":"first","12":"instock","13":"featured","14":"taxable","15":"shipping-taxable","16":"purchasable","17":"product-type-simple"},"aioseo_notices":[],"yoast_head":"<!-- This site is optimized with the Yoast SEO plugin v27.3 - https:\/\/yoast.com\/product\/yoast-seo-wordpress\/ -->\n<title>Proclear\u00ae 1 day - Cooper Vision \/ 10 l\u00e4\u00e4tse blisterites - 10.95 \u20ac - Silmajaam Optika<\/title>\n<meta name=\"description\" content=\"L\u00e4\u00e4tsed on valmistatud unikaalsest fosfor\u00fc\u00fclkoliini (PC) molekule sisaldavast materjalist.Aine (PC) leidub ka inimese rakumembraanides. Vana-Viru 11,Tallinn\" \/>\n<meta name=\"robots\" content=\"index, follow, max-snippet:-1, max-image-preview:large, max-video-preview:-1\" \/>\n<link rel=\"canonical\" href=\"https:\/\/silmajaam.ee\/?product=proclear-1-day-10-laatse-blisterites\" \/>\n<meta property=\"og:locale\" content=\"et_EE\" \/>\n<meta property=\"og:type\" content=\"article\" \/>\n<meta property=\"og:title\" content=\"Proclear\u00ae 1 day - Cooper Vision \/ 10 l\u00e4\u00e4tse blisterites - 10.95 \u20ac - Silmajaam Optika\" \/>\n<meta property=\"og:description\" content=\"L\u00e4\u00e4tsed on valmistatud unikaalsest fosfor\u00fc\u00fclkoliini (PC) molekule sisaldavast materjalist.Aine (PC) leidub ka inimese rakumembraanides. Vana-Viru 11,Tallinn\" \/>\n<meta property=\"og:url\" content=\"https:\/\/silmajaam.ee\/?product=proclear-1-day-10-laatse-blisterites\" \/>\n<meta property=\"og:site_name\" content=\"Silmajaam Optika\" \/>\n<meta property=\"article:modified_time\" content=\"2024-12-19T09:44:15+00:00\" \/>\n<meta property=\"og:image\" content=\"https:\/\/silmajaam.ee\/wp-content\/uploads\/2020\/11\/pro-clear-1-day-10-250x250-1.jpg\" \/>\n\t<meta property=\"og:image:width\" content=\"250\" \/>\n\t<meta property=\"og:image:height\" content=\"250\" \/>\n\t<meta property=\"og:image:type\" content=\"image\/jpeg\" \/>\n<meta name=\"twitter:card\" content=\"summary_large_image\" \/>\n<meta name=\"twitter:label1\" content=\"Est. reading time\" \/>\n\t<meta name=\"twitter:data1\" content=\"1 minut\" \/>\n<script type=\"application\/ld+json\" class=\"yoast-schema-graph\">{\"@context\":\"https:\\\/\\\/schema.org\",\"@graph\":[{\"@type\":\"WebPage\",\"@id\":\"https:\\\/\\\/silmajaam.ee\\\/?product=proclear-1-day-10-laatse-blisterites\",\"url\":\"https:\\\/\\\/silmajaam.ee\\\/?product=proclear-1-day-10-laatse-blisterites\",\"name\":\"Proclear\u00ae 1 day - Cooper Vision \\\/ 10 l\u00e4\u00e4tse blisterites - 10.95 \u20ac - Silmajaam Optika\",\"isPartOf\":{\"@id\":\"https:\\\/\\\/silmajaam.ee\\\/#website\"},\"primaryImageOfPage\":{\"@id\":\"https:\\\/\\\/silmajaam.ee\\\/?product=proclear-1-day-10-laatse-blisterites#primaryimage\"},\"image\":{\"@id\":\"https:\\\/\\\/silmajaam.ee\\\/?product=proclear-1-day-10-laatse-blisterites#primaryimage\"},\"thumbnailUrl\":\"https:\\\/\\\/silmajaam.ee\\\/wp-content\\\/uploads\\\/2020\\\/11\\\/pro-clear-1-day-10-250x250-1.jpg\",\"datePublished\":\"2020-06-11T08:58:05+00:00\",\"dateModified\":\"2024-12-19T09:44:15+00:00\",\"description\":\"L\u00e4\u00e4tsed on valmistatud unikaalsest fosfor\u00fc\u00fclkoliini (PC) molekule sisaldavast materjalist.Aine (PC) leidub ka inimese rakumembraanides. Vana-Viru 11,Tallinn\",\"breadcrumb\":{\"@id\":\"https:\\\/\\\/silmajaam.ee\\\/?product=proclear-1-day-10-laatse-blisterites#breadcrumb\"},\"inLanguage\":\"et\",\"potentialAction\":[{\"@type\":\"ReadAction\",\"target\":[\"https:\\\/\\\/silmajaam.ee\\\/?product=proclear-1-day-10-laatse-blisterites\"]}]},{\"@type\":\"ImageObject\",\"inLanguage\":\"et\",\"@id\":\"https:\\\/\\\/silmajaam.ee\\\/?product=proclear-1-day-10-laatse-blisterites#primaryimage\",\"url\":\"https:\\\/\\\/silmajaam.ee\\\/wp-content\\\/uploads\\\/2020\\\/11\\\/pro-clear-1-day-10-250x250-1.jpg\",\"contentUrl\":\"https:\\\/\\\/silmajaam.ee\\\/wp-content\\\/uploads\\\/2020\\\/11\\\/pro-clear-1-day-10-250x250-1.jpg\",\"width\":250,\"height\":250},{\"@type\":\"BreadcrumbList\",\"@id\":\"https:\\\/\\\/silmajaam.ee\\\/?product=proclear-1-day-10-laatse-blisterites#breadcrumb\",\"itemListElement\":[{\"@type\":\"ListItem\",\"position\":1,\"name\":\"Home\",\"item\":\"https:\\\/\\\/silmajaam.ee\\\/\"},{\"@type\":\"ListItem\",\"position\":2,\"name\":\"Pood\",\"item\":\"https:\\\/\\\/silmajaam.ee\\\/?page_id=41861\"},{\"@type\":\"ListItem\",\"position\":3,\"name\":\"Proclear\u00ae 1 day &#8211; Cooper Vision \\\/ 10 l\u00e4\u00e4tse blisterites\"}]},{\"@type\":\"WebSite\",\"@id\":\"https:\\\/\\\/silmajaam.ee\\\/#website\",\"url\":\"https:\\\/\\\/silmajaam.ee\\\/\",\"name\":\"Silmajaam Optika\",\"description\":\"Kontaktl&auml;&auml;tsed, lai valik prilliraame ja erinevate omadustega prilliklaase (isetumenduvad, peegeldusvastase kattega jne)\",\"publisher\":{\"@id\":\"https:\\\/\\\/silmajaam.ee\\\/#organization\"},\"potentialAction\":[{\"@type\":\"SearchAction\",\"target\":{\"@type\":\"EntryPoint\",\"urlTemplate\":\"https:\\\/\\\/silmajaam.ee\\\/?s={search_term_string}\"},\"query-input\":{\"@type\":\"PropertyValueSpecification\",\"valueRequired\":true,\"valueName\":\"search_term_string\"}}],\"inLanguage\":\"et\"},{\"@type\":\"Organization\",\"@id\":\"https:\\\/\\\/silmajaam.ee\\\/#organization\",\"name\":\"Silmajaam Optika\",\"url\":\"https:\\\/\\\/silmajaam.ee\\\/\",\"logo\":{\"@type\":\"ImageObject\",\"inLanguage\":\"et\",\"@id\":\"https:\\\/\\\/silmajaam.ee\\\/#\\\/schema\\\/logo\\\/image\\\/\",\"url\":\"https:\\\/\\\/silmajaam.ee\\\/wp-content\\\/uploads\\\/2020\\\/01\\\/Silmajaam-Optika-Logo-2.png\",\"contentUrl\":\"https:\\\/\\\/silmajaam.ee\\\/wp-content\\\/uploads\\\/2020\\\/01\\\/Silmajaam-Optika-Logo-2.png\",\"width\":1000,\"height\":127,\"caption\":\"Silmajaam Optika\"},\"image\":{\"@id\":\"https:\\\/\\\/silmajaam.ee\\\/#\\\/schema\\\/logo\\\/image\\\/\"}}]}<\/script>\n<!-- \/ Yoast SEO plugin. -->","yoast_head_json":{"title":"Proclear\u00ae 1 day - Cooper Vision \/ 10 l\u00e4\u00e4tse blisterites - 10.95 \u20ac - Silmajaam Optika","description":"L\u00e4\u00e4tsed on valmistatud unikaalsest fosfor\u00fc\u00fclkoliini (PC) molekule sisaldavast materjalist.Aine (PC) leidub ka inimese rakumembraanides. Vana-Viru 11,Tallinn","robots":{"index":"index","follow":"follow","max-snippet":"max-snippet:-1","max-image-preview":"max-image-preview:large","max-video-preview":"max-video-preview:-1"},"canonical":"https:\/\/silmajaam.ee\/?product=proclear-1-day-10-laatse-blisterites","og_locale":"et_EE","og_type":"article","og_title":"Proclear\u00ae 1 day - Cooper Vision \/ 10 l\u00e4\u00e4tse blisterites - 10.95 \u20ac - Silmajaam Optika","og_description":"L\u00e4\u00e4tsed on valmistatud unikaalsest fosfor\u00fc\u00fclkoliini (PC) molekule sisaldavast materjalist.Aine (PC) leidub ka inimese rakumembraanides. Vana-Viru 11,Tallinn","og_url":"https:\/\/silmajaam.ee\/?product=proclear-1-day-10-laatse-blisterites","og_site_name":"Silmajaam Optika","article_modified_time":"2024-12-19T09:44:15+00:00","og_image":[{"width":250,"height":250,"url":"https:\/\/silmajaam.ee\/wp-content\/uploads\/2020\/11\/pro-clear-1-day-10-250x250-1.jpg","type":"image\/jpeg"}],"twitter_card":"summary_large_image","twitter_misc":{"Est. reading time":"1 minut"},"schema":{"@context":"https:\/\/schema.org","@graph":[{"@type":"WebPage","@id":"https:\/\/silmajaam.ee\/?product=proclear-1-day-10-laatse-blisterites","url":"https:\/\/silmajaam.ee\/?product=proclear-1-day-10-laatse-blisterites","name":"Proclear\u00ae 1 day - Cooper Vision \/ 10 l\u00e4\u00e4tse blisterites - 10.95 \u20ac - Silmajaam Optika","isPartOf":{"@id":"https:\/\/silmajaam.ee\/#website"},"primaryImageOfPage":{"@id":"https:\/\/silmajaam.ee\/?product=proclear-1-day-10-laatse-blisterites#primaryimage"},"image":{"@id":"https:\/\/silmajaam.ee\/?product=proclear-1-day-10-laatse-blisterites#primaryimage"},"thumbnailUrl":"https:\/\/silmajaam.ee\/wp-content\/uploads\/2020\/11\/pro-clear-1-day-10-250x250-1.jpg","datePublished":"2020-06-11T08:58:05+00:00","dateModified":"2024-12-19T09:44:15+00:00","description":"L\u00e4\u00e4tsed on valmistatud unikaalsest fosfor\u00fc\u00fclkoliini (PC) molekule sisaldavast materjalist.Aine (PC) leidub ka inimese rakumembraanides. Vana-Viru 11,Tallinn","breadcrumb":{"@id":"https:\/\/silmajaam.ee\/?product=proclear-1-day-10-laatse-blisterites#breadcrumb"},"inLanguage":"et","potentialAction":[{"@type":"ReadAction","target":["https:\/\/silmajaam.ee\/?product=proclear-1-day-10-laatse-blisterites"]}]},{"@type":"ImageObject","inLanguage":"et","@id":"https:\/\/silmajaam.ee\/?product=proclear-1-day-10-laatse-blisterites#primaryimage","url":"https:\/\/silmajaam.ee\/wp-content\/uploads\/2020\/11\/pro-clear-1-day-10-250x250-1.jpg","contentUrl":"https:\/\/silmajaam.ee\/wp-content\/uploads\/2020\/11\/pro-clear-1-day-10-250x250-1.jpg","width":250,"height":250},{"@type":"BreadcrumbList","@id":"https:\/\/silmajaam.ee\/?product=proclear-1-day-10-laatse-blisterites#breadcrumb","itemListElement":[{"@type":"ListItem","position":1,"name":"Home","item":"https:\/\/silmajaam.ee\/"},{"@type":"ListItem","position":2,"name":"Pood","item":"https:\/\/silmajaam.ee\/?page_id=41861"},{"@type":"ListItem","position":3,"name":"Proclear\u00ae 1 day &#8211; Cooper Vision \/ 10 l\u00e4\u00e4tse blisterites"}]},{"@type":"WebSite","@id":"https:\/\/silmajaam.ee\/#website","url":"https:\/\/silmajaam.ee\/","name":"Silmajaam Optika","description":"Kontaktl&auml;&auml;tsed, lai valik prilliraame ja erinevate omadustega prilliklaase (isetumenduvad, peegeldusvastase kattega jne)","publisher":{"@id":"https:\/\/silmajaam.ee\/#organization"},"potentialAction":[{"@type":"SearchAction","target":{"@type":"EntryPoint","urlTemplate":"https:\/\/silmajaam.ee\/?s={search_term_string}"},"query-input":{"@type":"PropertyValueSpecification","valueRequired":true,"valueName":"search_term_string"}}],"inLanguage":"et"},{"@type":"Organization","@id":"https:\/\/silmajaam.ee\/#organization","name":"Silmajaam Optika","url":"https:\/\/silmajaam.ee\/","logo":{"@type":"ImageObject","inLanguage":"et","@id":"https:\/\/silmajaam.ee\/#\/schema\/logo\/image\/","url":"https:\/\/silmajaam.ee\/wp-content\/uploads\/2020\/01\/Silmajaam-Optika-Logo-2.png","contentUrl":"https:\/\/silmajaam.ee\/wp-content\/uploads\/2020\/01\/Silmajaam-Optika-Logo-2.png","width":1000,"height":127,"caption":"Silmajaam Optika"},"image":{"@id":"https:\/\/silmajaam.ee\/#\/schema\/logo\/image\/"}}]}},"jetpack_sharing_enabled":true,"_links":{"self":[{"href":"https:\/\/silmajaam.ee\/index.php?rest_route=\/wp\/v2\/product\/29860","targetHints":{"allow":["GET"]}}],"collection":[{"href":"https:\/\/silmajaam.ee\/index.php?rest_route=\/wp\/v2\/product"}],"about":[{"href":"https:\/\/silmajaam.ee\/index.php?rest_route=\/wp\/v2\/types\/product"}],"wp:featuredmedia":[{"embeddable":true,"href":"https:\/\/silmajaam.ee\/index.php?rest_route=\/wp\/v2\/media\/43441"}],"wp:attachment":[{"href":"https:\/\/silmajaam.ee\/index.php?rest_route=%2Fwp%2Fv2%2Fmedia&parent=29860"}],"wp:term":[{"taxonomy":"product_brand","embeddable":true,"href":"https:\/\/silmajaam.ee\/index.php?rest_route=%2Fwp%2Fv2%2Fproduct_brand&post=29860"},{"taxonomy":"product_cat","embeddable":true,"href":"https:\/\/silmajaam.ee\/index.php?rest_route=%2Fwp%2Fv2%2Fproduct_cat&post=29860"},{"taxonomy":"product_tag","embeddable":true,"href":"https:\/\/silmajaam.ee\/index.php?rest_route=%2Fwp%2Fv2%2Fproduct_tag&post=29860"}],"curies":[{"name":"wp","href":"https:\/\/api.w.org\/{rel}","templated":true}]}}