{"id":430,"date":"2021-10-06T09:20:36","date_gmt":"2021-10-06T06:20:36","guid":{"rendered":"http:\/\/demoapus-wp.com\/famita\/famita-fashion\/?post_type=product&#038;p=430"},"modified":"2023-09-04T13:12:12","modified_gmt":"2023-09-04T10:12:12","slug":"dailies-aqua-comfort-plus-90-kpl","status":"publish","type":"product","link":"https:\/\/silmajaam.ee\/?product=dailies-aqua-comfort-plus-90-kpl&lang=fi","title":{"rendered":"Dailies Aqua Comfort Plus \/  90 kpl"},"content":{"rendered":"<h2>DAILIES AquaComfort Plus on Alconin valmistama kertak\u00e4ytt\u00f6linssi.<\/h2>\n<p>DAILIES AquaComfort Plus on edelleenkehitetty versio Focus Dailies -linssist\u00e4. Linssin ainutlaatuinen kolmivaikutteinen kosteusj\u00e4rjestelm\u00e4 voitelee, kosteuttaa ja virkist\u00e4\u00e4 antaen n\u00e4in parhaan mahdollisen mukavuuden aamusta iltaan. Linssi kostuu uudelleen joka kerta, kun r\u00e4p\u00e4yt\u00e4t silmi\u00e4si, eli noin 14 000 kertaa p\u00e4iv\u00e4ss\u00e4.<\/p>\n<p>N\u00e4it\u00e4 piilolinssej\u00e4 k\u00e4ytet\u00e4\u00e4n yhden p\u00e4iv\u00e4n ajan. Piilolinssit poistetaan silmist\u00e4 ennen nukkumaan menoa ja korvataan uudella parilla seuraavana p\u00e4iv\u00e4n\u00e4. Jotta linssien k\u00e4ytt\u00f6si olisi terveellist\u00e4, on t\u00e4rke\u00e4\u00e4, ett\u00e4 noudatat optikkosi antamia ohjeita linssien k\u00e4sittelyst\u00e4 ja k\u00e4ytt\u00f6ajasta. Piilolinssien k\u00e4yt\u00f6n aikana esiintyv\u00e4t ongelmat, kuten silm\u00e4tulehdus, aiheutuvat usein huolimattomasta linssien k\u00e4sittelyst\u00e4 tai liian pitk\u00e4st\u00e4 k\u00e4ytt\u00f6ajasta. Jos linssien k\u00e4yt\u00f6n kanssa tulee ongelmia, varmista ensin, ett\u00e4 k\u00e4yt\u00e4t oikeita linssej\u00e4, ja ota sitten yhteytt\u00e4 asiakaspalveluumme tai optikkoosi.<\/p>\n","protected":false},"excerpt":{"rendered":"<h4><span style=\"color: #0000ff;\"><strong>Vahvuus :\u00a0 \u00a0 \u2013 0.5 \u2026 \u2013 15.0\u00a0 \u00a0 ,\u00a0 \u00a0 + 0.5 \u2026 + 8.0<\/strong><\/span><\/h4>\n<table id=\"product-attribute-specs-table\" class=\"table table-condensed table-hover table-bordered\" style=\"height: 335px;\" width=\"558\">\n<tbody>\n<tr class=\"first odd\">\n<td><strong>Toimitusaikaa<\/strong><\/td>\n<td class=\"data last\">\u00a0,, -,, linssit\u00a0 \u00a0 1-3 ty\u00f6p\u00e4iv\u00e4\u00e4<\/p>\n<p>,, + ,, linssit\u00a0 \u00a06-10 ty\u00f6p\u00e4iv\u00e4\u00e4<\/td>\n<\/tr>\n<tr class=\"even\">\n<td><strong>K\u00e4ytt\u00f6aika<\/strong><\/td>\n<td class=\"data last\">\u00a01 p\u00e4iv\u00e4<\/td>\n<\/tr>\n<tr class=\"odd\">\n<td><strong>Piilolinssin tyyppi<\/strong><\/td>\n<td class=\"data last\">\u00a0Kertak\u00e4ytt\u00f6linssit<\/td>\n<\/tr>\n<tr class=\"even\">\n<td><strong>Piilolinssien m\u00e4\u00e4r\u00e4<\/strong><\/td>\n<td class=\"data last\">\u00a090<\/td>\n<\/tr>\n<tr class=\"odd\">\n<td><strong>Kaarevuus BC<\/strong><\/td>\n<td class=\"data last\">\u00a08.8<\/td>\n<\/tr>\n<tr class=\"even\">\n<td><strong>DIA<\/strong><\/td>\n<td class=\"data last\">\u00a014.4<\/td>\n<\/tr>\n<tr class=\"odd\">\n<td>\n<h4><strong>Dk\/t (hapenl\u00e4p\u00e4isy)<\/strong><\/h4>\n<\/td>\n<td class=\"data last\">\n<h4><strong>\u00a026<\/strong><\/h4>\n<\/td>\n<\/tr>\n<tr class=\"even\">\n<td><strong>Nestepitoisuus<\/strong><\/td>\n<td class=\"data last\">\u00a069%<\/td>\n<\/tr>\n<tr class=\"odd\">\n<td><strong>Materiaali<\/strong><\/td>\n<td class=\"data last\">\u00a0Netfilcon A<\/td>\n<\/tr>\n<tr class=\"last even\">\n<td><strong>Valmistaja<\/strong><\/td>\n<td class=\"data last\">\u00a0Ciba Vision \/ Alcon<\/td>\n<\/tr>\n<\/tbody>\n<\/table>\n<p>&nbsp;<\/p>\n<p>DAILIES AquaComfort Plus linssi\u00e4 myyd\u00e4\u00e4n my\u00f6s nimell\u00e4 <strong>iWear Extra<\/strong> . iWear Extra on optikkoketjujen uudelleenbr\u00e4nd\u00e4\u00e4m\u00e4 tuote, jonka alkuper\u00e4isnimi on DAILIES AquaComfort Plus . Ne tulevat samalta valmistajalta ja ovat kesken\u00e4\u00e4n identtisi\u00e4 \u2013 vain tuotteen nimi eroaa alkuper\u00e4isest\u00e4. Jos olet aiemmin k\u00e4ytt\u00e4nyt iWear Extra -linssej\u00e4 voit tilata usein edullisempia DAILIES AquaComfort Plus -linssej\u00e4 ilman uutta piilolinssisovitusta.<\/p>\n","protected":false},"featured_media":8870,"template":"","meta":{"om_disable_all_campaigns":false,"_monsterinsights_skip_tracking":false,"_monsterinsights_sitenote_active":false,"_monsterinsights_sitenote_note":"","_monsterinsights_sitenote_category":0,"_uf_show_specific_survey":0,"_uf_disable_surveys":false},"product_brand":[],"product_cat":[157,37],"product_tag":[],"class_list":{"0":"post-430","1":"product","2":"type-product","3":"status-publish","4":"has-post-thumbnail","6":"product_cat-kertakayttolinssit","7":"product_cat-piilolinssit","8":"tm-has-options","10":"first","11":"instock","12":"taxable","13":"shipping-taxable","14":"purchasable","15":"product-type-simple"},"aioseo_notices":[],"yoast_head":"<!-- This site is optimized with the Yoast SEO plugin v27.5 - https:\/\/yoast.com\/product\/yoast-seo-wordpress\/ -->\n<title>Dailies Aqua Comfort Plus \/ 90 kpl - 49.95 \u20ac - Silmajaam Optika<\/title>\n<meta name=\"description\" content=\"Vana-Viru 11 , Tallinn\" \/>\n<meta name=\"robots\" content=\"index, follow, max-snippet:-1, max-image-preview:large, max-video-preview:-1\" \/>\n<link rel=\"canonical\" href=\"https:\/\/silmajaam.ee\/?product=dailies-aqua-comfort-plus-90-kpl\" \/>\n<meta property=\"og:locale\" content=\"et_EE\" \/>\n<meta property=\"og:type\" content=\"article\" \/>\n<meta property=\"og:title\" content=\"Dailies Aqua Comfort Plus \/ 90 kpl - 49.95 \u20ac - Silmajaam Optika\" \/>\n<meta property=\"og:description\" content=\"Vana-Viru 11 , Tallinn\" \/>\n<meta property=\"og:url\" content=\"https:\/\/silmajaam.ee\/?product=dailies-aqua-comfort-plus-90-kpl&amp;lang=fi\" \/>\n<meta property=\"og:site_name\" content=\"Silmajaam Optika\" \/>\n<meta property=\"article:modified_time\" content=\"2023-09-04T10:12:12+00:00\" \/>\n<meta property=\"og:image\" content=\"https:\/\/silmajaam.ee\/wp-content\/uploads\/2018\/06\/dailies-aqua-comfort-plus-90tk-350x350-1-e1586204711100.jpg\" \/>\n\t<meta property=\"og:image:width\" content=\"250\" \/>\n\t<meta property=\"og:image:height\" content=\"250\" \/>\n\t<meta property=\"og:image:type\" content=\"image\/jpeg\" \/>\n<meta name=\"twitter:card\" content=\"summary_large_image\" \/>\n<meta name=\"twitter:label1\" content=\"Est. reading time\" \/>\n\t<meta name=\"twitter:data1\" content=\"1 minut\" \/>\n<script type=\"application\/ld+json\" class=\"yoast-schema-graph\">{\"@context\":\"https:\\\/\\\/schema.org\",\"@graph\":[{\"@type\":\"WebPage\",\"@id\":\"https:\\\/\\\/silmajaam.ee\\\/?product=dailies-aqua-comfort-plus-90-kpl&lang=fi\",\"url\":\"https:\\\/\\\/silmajaam.ee\\\/?product=dailies-aqua-comfort-plus-90-kpl&lang=fi\",\"name\":\"Dailies Aqua Comfort Plus \\\/ 90 kpl - 49.95 \u20ac - Silmajaam Optika\",\"isPartOf\":{\"@id\":\"https:\\\/\\\/silmajaam.ee\\\/#website\"},\"primaryImageOfPage\":{\"@id\":\"https:\\\/\\\/silmajaam.ee\\\/?product=dailies-aqua-comfort-plus-90-kpl&lang=fi#primaryimage\"},\"image\":{\"@id\":\"https:\\\/\\\/silmajaam.ee\\\/?product=dailies-aqua-comfort-plus-90-kpl&lang=fi#primaryimage\"},\"thumbnailUrl\":\"https:\\\/\\\/silmajaam.ee\\\/wp-content\\\/uploads\\\/2018\\\/06\\\/dailies-aqua-comfort-plus-90tk-350x350-1-e1586204711100.jpg\",\"datePublished\":\"2021-10-06T06:20:36+00:00\",\"dateModified\":\"2023-09-04T10:12:12+00:00\",\"description\":\"Vana-Viru 11 , Tallinn\",\"breadcrumb\":{\"@id\":\"https:\\\/\\\/silmajaam.ee\\\/?product=dailies-aqua-comfort-plus-90-kpl&lang=fi#breadcrumb\"},\"inLanguage\":\"et\",\"potentialAction\":[{\"@type\":\"ReadAction\",\"target\":[\"https:\\\/\\\/silmajaam.ee\\\/?product=dailies-aqua-comfort-plus-90-kpl&lang=fi\"]}]},{\"@type\":\"ImageObject\",\"inLanguage\":\"et\",\"@id\":\"https:\\\/\\\/silmajaam.ee\\\/?product=dailies-aqua-comfort-plus-90-kpl&lang=fi#primaryimage\",\"url\":\"https:\\\/\\\/silmajaam.ee\\\/wp-content\\\/uploads\\\/2018\\\/06\\\/dailies-aqua-comfort-plus-90tk-350x350-1-e1586204711100.jpg\",\"contentUrl\":\"https:\\\/\\\/silmajaam.ee\\\/wp-content\\\/uploads\\\/2018\\\/06\\\/dailies-aqua-comfort-plus-90tk-350x350-1-e1586204711100.jpg\",\"width\":250,\"height\":250},{\"@type\":\"BreadcrumbList\",\"@id\":\"https:\\\/\\\/silmajaam.ee\\\/?product=dailies-aqua-comfort-plus-90-kpl&lang=fi#breadcrumb\",\"itemListElement\":[{\"@type\":\"ListItem\",\"position\":1,\"name\":\"Home\",\"item\":\"https:\\\/\\\/silmajaam.ee\\\/\"},{\"@type\":\"ListItem\",\"position\":2,\"name\":\"Pood\",\"item\":\"https:\\\/\\\/silmajaam.ee\\\/?page_id=41861\"},{\"@type\":\"ListItem\",\"position\":3,\"name\":\"Dailies Aqua Comfort Plus \\\/ 90 kpl\"}]},{\"@type\":\"WebSite\",\"@id\":\"https:\\\/\\\/silmajaam.ee\\\/#website\",\"url\":\"https:\\\/\\\/silmajaam.ee\\\/\",\"name\":\"Silmajaam Optika\",\"description\":\"Kontaktl&auml;&auml;tsed, lai valik prilliraame ja erinevate omadustega prilliklaase (isetumenduvad, peegeldusvastase kattega jne)\",\"publisher\":{\"@id\":\"https:\\\/\\\/silmajaam.ee\\\/#organization\"},\"potentialAction\":[{\"@type\":\"SearchAction\",\"target\":{\"@type\":\"EntryPoint\",\"urlTemplate\":\"https:\\\/\\\/silmajaam.ee\\\/?s={search_term_string}\"},\"query-input\":{\"@type\":\"PropertyValueSpecification\",\"valueRequired\":true,\"valueName\":\"search_term_string\"}}],\"inLanguage\":\"et\"},{\"@type\":\"Organization\",\"@id\":\"https:\\\/\\\/silmajaam.ee\\\/#organization\",\"name\":\"Silmajaam Optika\",\"url\":\"https:\\\/\\\/silmajaam.ee\\\/\",\"logo\":{\"@type\":\"ImageObject\",\"inLanguage\":\"et\",\"@id\":\"https:\\\/\\\/silmajaam.ee\\\/#\\\/schema\\\/logo\\\/image\\\/\",\"url\":\"https:\\\/\\\/silmajaam.ee\\\/wp-content\\\/uploads\\\/2020\\\/01\\\/Silmajaam-Optika-Logo-2.png\",\"contentUrl\":\"https:\\\/\\\/silmajaam.ee\\\/wp-content\\\/uploads\\\/2020\\\/01\\\/Silmajaam-Optika-Logo-2.png\",\"width\":1000,\"height\":127,\"caption\":\"Silmajaam Optika\"},\"image\":{\"@id\":\"https:\\\/\\\/silmajaam.ee\\\/#\\\/schema\\\/logo\\\/image\\\/\"}}]}<\/script>\n<!-- \/ Yoast SEO plugin. -->","yoast_head_json":{"title":"Dailies Aqua Comfort Plus \/ 90 kpl - 49.95 \u20ac - Silmajaam Optika","description":"Vana-Viru 11 , Tallinn","robots":{"index":"index","follow":"follow","max-snippet":"max-snippet:-1","max-image-preview":"max-image-preview:large","max-video-preview":"max-video-preview:-1"},"canonical":"https:\/\/silmajaam.ee\/?product=dailies-aqua-comfort-plus-90-kpl","og_locale":"et_EE","og_type":"article","og_title":"Dailies Aqua Comfort Plus \/ 90 kpl - 49.95 \u20ac - Silmajaam Optika","og_description":"Vana-Viru 11 , Tallinn","og_url":"https:\/\/silmajaam.ee\/?product=dailies-aqua-comfort-plus-90-kpl&lang=fi","og_site_name":"Silmajaam Optika","article_modified_time":"2023-09-04T10:12:12+00:00","og_image":[{"width":250,"height":250,"url":"https:\/\/silmajaam.ee\/wp-content\/uploads\/2018\/06\/dailies-aqua-comfort-plus-90tk-350x350-1-e1586204711100.jpg","type":"image\/jpeg"}],"twitter_card":"summary_large_image","twitter_misc":{"Est. reading time":"1 minut"},"schema":{"@context":"https:\/\/schema.org","@graph":[{"@type":"WebPage","@id":"https:\/\/silmajaam.ee\/?product=dailies-aqua-comfort-plus-90-kpl&lang=fi","url":"https:\/\/silmajaam.ee\/?product=dailies-aqua-comfort-plus-90-kpl&lang=fi","name":"Dailies Aqua Comfort Plus \/ 90 kpl - 49.95 \u20ac - Silmajaam Optika","isPartOf":{"@id":"https:\/\/silmajaam.ee\/#website"},"primaryImageOfPage":{"@id":"https:\/\/silmajaam.ee\/?product=dailies-aqua-comfort-plus-90-kpl&lang=fi#primaryimage"},"image":{"@id":"https:\/\/silmajaam.ee\/?product=dailies-aqua-comfort-plus-90-kpl&lang=fi#primaryimage"},"thumbnailUrl":"https:\/\/silmajaam.ee\/wp-content\/uploads\/2018\/06\/dailies-aqua-comfort-plus-90tk-350x350-1-e1586204711100.jpg","datePublished":"2021-10-06T06:20:36+00:00","dateModified":"2023-09-04T10:12:12+00:00","description":"Vana-Viru 11 , Tallinn","breadcrumb":{"@id":"https:\/\/silmajaam.ee\/?product=dailies-aqua-comfort-plus-90-kpl&lang=fi#breadcrumb"},"inLanguage":"et","potentialAction":[{"@type":"ReadAction","target":["https:\/\/silmajaam.ee\/?product=dailies-aqua-comfort-plus-90-kpl&lang=fi"]}]},{"@type":"ImageObject","inLanguage":"et","@id":"https:\/\/silmajaam.ee\/?product=dailies-aqua-comfort-plus-90-kpl&lang=fi#primaryimage","url":"https:\/\/silmajaam.ee\/wp-content\/uploads\/2018\/06\/dailies-aqua-comfort-plus-90tk-350x350-1-e1586204711100.jpg","contentUrl":"https:\/\/silmajaam.ee\/wp-content\/uploads\/2018\/06\/dailies-aqua-comfort-plus-90tk-350x350-1-e1586204711100.jpg","width":250,"height":250},{"@type":"BreadcrumbList","@id":"https:\/\/silmajaam.ee\/?product=dailies-aqua-comfort-plus-90-kpl&lang=fi#breadcrumb","itemListElement":[{"@type":"ListItem","position":1,"name":"Home","item":"https:\/\/silmajaam.ee\/"},{"@type":"ListItem","position":2,"name":"Pood","item":"https:\/\/silmajaam.ee\/?page_id=41861"},{"@type":"ListItem","position":3,"name":"Dailies Aqua Comfort Plus \/ 90 kpl"}]},{"@type":"WebSite","@id":"https:\/\/silmajaam.ee\/#website","url":"https:\/\/silmajaam.ee\/","name":"Silmajaam Optika","description":"Kontaktl&auml;&auml;tsed, lai valik prilliraame ja erinevate omadustega prilliklaase (isetumenduvad, peegeldusvastase kattega jne)","publisher":{"@id":"https:\/\/silmajaam.ee\/#organization"},"potentialAction":[{"@type":"SearchAction","target":{"@type":"EntryPoint","urlTemplate":"https:\/\/silmajaam.ee\/?s={search_term_string}"},"query-input":{"@type":"PropertyValueSpecification","valueRequired":true,"valueName":"search_term_string"}}],"inLanguage":"et"},{"@type":"Organization","@id":"https:\/\/silmajaam.ee\/#organization","name":"Silmajaam Optika","url":"https:\/\/silmajaam.ee\/","logo":{"@type":"ImageObject","inLanguage":"et","@id":"https:\/\/silmajaam.ee\/#\/schema\/logo\/image\/","url":"https:\/\/silmajaam.ee\/wp-content\/uploads\/2020\/01\/Silmajaam-Optika-Logo-2.png","contentUrl":"https:\/\/silmajaam.ee\/wp-content\/uploads\/2020\/01\/Silmajaam-Optika-Logo-2.png","width":1000,"height":127,"caption":"Silmajaam Optika"},"image":{"@id":"https:\/\/silmajaam.ee\/#\/schema\/logo\/image\/"}}]}},"jetpack_sharing_enabled":true,"_links":{"self":[{"href":"https:\/\/silmajaam.ee\/index.php?rest_route=\/wp\/v2\/product\/430","targetHints":{"allow":["GET"]}}],"collection":[{"href":"https:\/\/silmajaam.ee\/index.php?rest_route=\/wp\/v2\/product"}],"about":[{"href":"https:\/\/silmajaam.ee\/index.php?rest_route=\/wp\/v2\/types\/product"}],"wp:featuredmedia":[{"embeddable":true,"href":"https:\/\/silmajaam.ee\/index.php?rest_route=\/wp\/v2\/media\/8870"}],"wp:attachment":[{"href":"https:\/\/silmajaam.ee\/index.php?rest_route=%2Fwp%2Fv2%2Fmedia&parent=430"}],"wp:term":[{"taxonomy":"product_brand","embeddable":true,"href":"https:\/\/silmajaam.ee\/index.php?rest_route=%2Fwp%2Fv2%2Fproduct_brand&post=430"},{"taxonomy":"product_cat","embeddable":true,"href":"https:\/\/silmajaam.ee\/index.php?rest_route=%2Fwp%2Fv2%2Fproduct_cat&post=430"},{"taxonomy":"product_tag","embeddable":true,"href":"https:\/\/silmajaam.ee\/index.php?rest_route=%2Fwp%2Fv2%2Fproduct_tag&post=430"}],"curies":[{"name":"wp","href":"https:\/\/api.w.org\/{rel}","templated":true}]}}