{"id":9710,"date":"2021-10-06T09:40:01","date_gmt":"2020-01-08T15:25:01","guid":{"rendered":"https:\/\/silmajaam.ee\/tuote\/acuvue-oasys-1-day-with-hydraluxe-30-laatse\/"},"modified":"2023-11-06T15:07:28","modified_gmt":"2023-11-06T12:07:28","slug":"acuvue-oasys-1-day-with-hydraluxe-30-laatse","status":"publish","type":"product","link":"https:\/\/silmajaam.ee\/?product=acuvue-oasys-1-day-with-hydraluxe-30-laatse","title":{"rendered":"Acuvue Oasys 1-day with HydraLuxe  \/  30 l\u00e4\u00e4tse"},"content":{"rendered":"<h2>Acuvue Oasys 1-Day with HydraLuxe<\/h2>\n<p>&nbsp;<\/p>\n<p>Acuvue Oasys 1-Day with HydraLuxe on Johnson &amp; Johnsoni uusimad innovaatilised \u00fchep\u00e4evased l\u00e4\u00e4tsed ja m\u00f5eldud l\u00e4\u00e4tsekandjale, kelle silmad kipuvad p\u00e4eva l\u00f5puks v\u00e4sima v\u00f5i liigselt kuivama. Uudne l\u00e4\u00e4tsematerjal koosneb \u00fchtsest pisarate sarnasest v\u00f5rgustikust, mis aitab silmadel s\u00e4ilitada loomulikku niiskustaset kogu p\u00e4eva kestel. HydraLuxe tehnoloogia abil on loodud spetsiaalne l\u00e4\u00e4tse kattev pind, mis v\u00e4hendab silmade v\u00e4simuse s\u00fcmptomeid ning aitab v\u00e4ltida silmade kuivamist ja ebamugavustunnet. Silma pisaravedelikust inspireeritud l\u00e4\u00e4tsematerjal harmoneerub l\u00e4\u00e4tsekandja pisarakihiga ja l\u00e4\u00e4tsed nagu polekski silmas kogu p\u00e4eva v\u00e4ltel. L\u00e4\u00e4tsi on kerge k\u00e4sitseda ka k\u00f5ige n\u00f5udlikumal l\u00e4\u00e4tsekandjal. Samuti on need l\u00e4\u00e4tsed v\u00e4ga hea valik, kui viibid palju kuiva \u00f5huga siseruumides ning ekraanide taga. HydraLuxe tehnoloogia tagab k\u00f5rgkvaliteedilise n\u00e4gemise ja parima UV-kaitse, mis seni Acuvue l\u00e4\u00e4tsedel olnud. L\u00e4\u00e4tsedel on suurep\u00e4rane hapniku l\u00e4bilaskev\u00f5ime (Dk\/t 121) ning UV-kaitse (blokeerib 90% UVA ja 99% UVB kiirtest). Hoolduslahuses paremini m\u00e4rgatavaks tegemiseks on l\u00e4\u00e4tsed kergelt sinaka varjundiga. L\u00e4\u00e4tsed on saadaval kahe kumerusega &#8211; BC 8.5 ja BC 9.0.<\/p>\n","protected":false},"excerpt":{"rendered":"<h4><span style=\"color: #0000ff;\"><strong>L\u00e4\u00e4tse tugevused :\u00a0 \u00a0 \u2013 0.5 \u2026 \u2013 12.0\u00a0 \u00a0 ,\u00a0 \u00a0 + 0.5 \u2026 + 8.0<\/strong><\/span><\/h4>\n<table id=\"product-attribute-specs-table\" class=\"table table-condensed table-hover table-bordered\" style=\"height: 353px;\" width=\"608\">\n<colgroup>\n<col width=\"47%\" \/>\n<col \/><\/colgroup>\n<tbody>\n<tr class=\"first odd\">\n<td><strong>Tarneaeg<\/strong><\/td>\n<td class=\"data last\">\n<p style=\"text-align: center;\">\u00a0 ,, \u2013 ,,\u00a0 tugevused 2-4 t\u00f6\u00f6p\u00e4eva<\/p>\n<p style=\"text-align: center;\">\u00a0\u201c + \u201d\u00a0 tugevused 2- 3 n\u00e4dalat<\/p>\n<p><img loading=\"lazy\" decoding=\"async\" class=\"wp-image-36957 aligncenter\" src=\"https:\/\/silmajaam.ee\/wp-content\/uploads\/2021\/02\/omniva-itella-300x150.png\" alt=\"\" width=\"140\" height=\"70\" srcset=\"https:\/\/silmajaam.ee\/wp-content\/uploads\/2021\/02\/omniva-itella-300x150.png 300w, https:\/\/silmajaam.ee\/wp-content\/uploads\/2021\/02\/omniva-itella-275x138.png 275w, https:\/\/silmajaam.ee\/wp-content\/uploads\/2021\/02\/omniva-itella.png 318w\" sizes=\"auto, (max-width: 140px) 100vw, 140px\" \/><\/td>\n<\/tr>\n<tr class=\"even\">\n<td><strong>Kandmisre\u017eiim<\/strong><\/td>\n<td class=\"data last\">\u00a0p\u00e4evased<\/td>\n<\/tr>\n<tr class=\"odd\">\n<td><strong>Kontaktl\u00e4\u00e4tse t\u00fc\u00fcp<\/strong><\/td>\n<td class=\"data last\">\u00a01-p\u00e4evased<\/td>\n<\/tr>\n<tr class=\"even\">\n<td><strong>Pakendis<\/strong><\/td>\n<td class=\"data last\">\u00a030<\/td>\n<\/tr>\n<tr class=\"odd\">\n<td><strong>Kumerus BC<\/strong><\/td>\n<td class=\"data last\">\u00a08.5\u00a0 ja\u00a0 9.0<\/td>\n<\/tr>\n<tr class=\"even\">\n<td><strong>DIA<\/strong><\/td>\n<td class=\"data last\">\u00a014.3<\/td>\n<\/tr>\n<tr class=\"odd\">\n<td>\n<h4><strong>Dk\/t (hapniku l\u00e4bikandvus)<\/strong><\/h4>\n<\/td>\n<td class=\"data last\">\n<h4><strong>\u00a0121<\/strong><\/h4>\n<\/td>\n<\/tr>\n<tr class=\"even\">\n<td><strong>Veesisaldus<\/strong><\/td>\n<td class=\"data last\">\u00a038 %<\/td>\n<\/tr>\n<tr class=\"odd\">\n<td><strong>Materjal<\/strong><\/td>\n<td class=\"data last\">\u00a0Senofilcon A<\/td>\n<\/tr>\n<tr class=\"last even\">\n<td><strong>Tootja<\/strong><\/td>\n<td class=\"data last\">\u00a0Johnson &amp; Johnson<\/td>\n<\/tr>\n<\/tbody>\n<\/table>\n","protected":false},"featured_media":9711,"template":"","meta":{"om_disable_all_campaigns":false,"_monsterinsights_skip_tracking":false,"_monsterinsights_sitenote_active":false,"_monsterinsights_sitenote_note":"","_monsterinsights_sitenote_category":0,"_uf_show_specific_survey":0,"_uf_disable_surveys":false},"product_brand":[],"product_cat":[268,269],"product_tag":[],"class_list":{"0":"post-9710","1":"product","2":"type-product","3":"status-publish","4":"has-post-thumbnail","6":"product_cat-kontaktlaatsed","7":"product_cat-uhepaevased-kontaktlaatsed","8":"tm-has-styled-variations","9":"tm-has-options","11":"first","12":"instock","13":"taxable","14":"shipping-taxable","15":"purchasable","16":"product-type-simple"},"aioseo_notices":[],"yoast_head":"<!-- This site is optimized with the Yoast SEO plugin v27.5 - https:\/\/yoast.com\/product\/yoast-seo-wordpress\/ -->\n<title>Acuvue Oasys 1-day with HydraLuxe \/ 30 l\u00e4\u00e4tse - 27.99\u20ac - Silmajaam Optika<\/title>\n<meta name=\"description\" content=\"Uudne l\u00e4\u00e4tsematerjal koosneb \u00fchtsest pisarate sarnasest v\u00f5rgustikust, mis aitab silmadel s\u00e4ilitada loomulikku niiskustaset kogu p\u00e4eva kestel.\" \/>\n<meta name=\"robots\" content=\"index, follow, max-snippet:-1, max-image-preview:large, max-video-preview:-1\" \/>\n<link rel=\"canonical\" href=\"https:\/\/silmajaam.ee\/?product=acuvue-oasys-1-day-with-hydraluxe-30-laatse\" \/>\n<meta property=\"og:locale\" content=\"et_EE\" \/>\n<meta property=\"og:type\" content=\"article\" \/>\n<meta property=\"og:title\" content=\"Acuvue Oasys 1-day with HydraLuxe \/ 30 l\u00e4\u00e4tse - 27.99\u20ac - Silmajaam Optika\" \/>\n<meta property=\"og:description\" content=\"Uudne l\u00e4\u00e4tsematerjal koosneb \u00fchtsest pisarate sarnasest v\u00f5rgustikust, mis aitab silmadel s\u00e4ilitada loomulikku niiskustaset kogu p\u00e4eva kestel.\" \/>\n<meta property=\"og:url\" content=\"https:\/\/silmajaam.ee\/?product=acuvue-oasys-1-day-with-hydraluxe-30-laatse\" \/>\n<meta property=\"og:site_name\" content=\"Silmajaam Optika\" \/>\n<meta property=\"article:modified_time\" content=\"2023-11-06T12:07:28+00:00\" \/>\n<meta property=\"og:image\" content=\"https:\/\/silmajaam.ee\/wp-content\/uploads\/2020\/01\/acuvue-oasys-1-day-350x350-1-e1586207026429.jpg\" \/>\n\t<meta property=\"og:image:width\" content=\"250\" \/>\n\t<meta property=\"og:image:height\" content=\"250\" \/>\n\t<meta property=\"og:image:type\" content=\"image\/jpeg\" \/>\n<meta name=\"twitter:card\" content=\"summary_large_image\" \/>\n<meta name=\"twitter:label1\" content=\"Est. reading time\" \/>\n\t<meta name=\"twitter:data1\" content=\"1 minut\" \/>\n<script type=\"application\/ld+json\" class=\"yoast-schema-graph\">{\"@context\":\"https:\\\/\\\/schema.org\",\"@graph\":[{\"@type\":\"WebPage\",\"@id\":\"https:\\\/\\\/silmajaam.ee\\\/?product=acuvue-oasys-1-day-with-hydraluxe-30-laatse\",\"url\":\"https:\\\/\\\/silmajaam.ee\\\/?product=acuvue-oasys-1-day-with-hydraluxe-30-laatse\",\"name\":\"Acuvue Oasys 1-day with HydraLuxe \\\/ 30 l\u00e4\u00e4tse - 27.99\u20ac - Silmajaam Optika\",\"isPartOf\":{\"@id\":\"https:\\\/\\\/silmajaam.ee\\\/#website\"},\"primaryImageOfPage\":{\"@id\":\"https:\\\/\\\/silmajaam.ee\\\/?product=acuvue-oasys-1-day-with-hydraluxe-30-laatse#primaryimage\"},\"image\":{\"@id\":\"https:\\\/\\\/silmajaam.ee\\\/?product=acuvue-oasys-1-day-with-hydraluxe-30-laatse#primaryimage\"},\"thumbnailUrl\":\"https:\\\/\\\/silmajaam.ee\\\/wp-content\\\/uploads\\\/2020\\\/01\\\/acuvue-oasys-1-day-350x350-1-e1586207026429.jpg\",\"datePublished\":\"2020-01-08T15:25:01+00:00\",\"dateModified\":\"2023-11-06T12:07:28+00:00\",\"description\":\"Uudne l\u00e4\u00e4tsematerjal koosneb \u00fchtsest pisarate sarnasest v\u00f5rgustikust, mis aitab silmadel s\u00e4ilitada loomulikku niiskustaset kogu p\u00e4eva kestel.\",\"breadcrumb\":{\"@id\":\"https:\\\/\\\/silmajaam.ee\\\/?product=acuvue-oasys-1-day-with-hydraluxe-30-laatse#breadcrumb\"},\"inLanguage\":\"et\",\"potentialAction\":[{\"@type\":\"ReadAction\",\"target\":[\"https:\\\/\\\/silmajaam.ee\\\/?product=acuvue-oasys-1-day-with-hydraluxe-30-laatse\"]}]},{\"@type\":\"ImageObject\",\"inLanguage\":\"et\",\"@id\":\"https:\\\/\\\/silmajaam.ee\\\/?product=acuvue-oasys-1-day-with-hydraluxe-30-laatse#primaryimage\",\"url\":\"https:\\\/\\\/silmajaam.ee\\\/wp-content\\\/uploads\\\/2020\\\/01\\\/acuvue-oasys-1-day-350x350-1-e1586207026429.jpg\",\"contentUrl\":\"https:\\\/\\\/silmajaam.ee\\\/wp-content\\\/uploads\\\/2020\\\/01\\\/acuvue-oasys-1-day-350x350-1-e1586207026429.jpg\",\"width\":250,\"height\":250},{\"@type\":\"BreadcrumbList\",\"@id\":\"https:\\\/\\\/silmajaam.ee\\\/?product=acuvue-oasys-1-day-with-hydraluxe-30-laatse#breadcrumb\",\"itemListElement\":[{\"@type\":\"ListItem\",\"position\":1,\"name\":\"Home\",\"item\":\"https:\\\/\\\/silmajaam.ee\\\/\"},{\"@type\":\"ListItem\",\"position\":2,\"name\":\"Pood\",\"item\":\"https:\\\/\\\/silmajaam.ee\\\/?page_id=41861\"},{\"@type\":\"ListItem\",\"position\":3,\"name\":\"Acuvue Oasys 1-day with HydraLuxe \\\/ 30 l\u00e4\u00e4tse\"}]},{\"@type\":\"WebSite\",\"@id\":\"https:\\\/\\\/silmajaam.ee\\\/#website\",\"url\":\"https:\\\/\\\/silmajaam.ee\\\/\",\"name\":\"Silmajaam Optika\",\"description\":\"Kontaktl&auml;&auml;tsed, lai valik prilliraame ja erinevate omadustega prilliklaase (isetumenduvad, peegeldusvastase kattega jne)\",\"publisher\":{\"@id\":\"https:\\\/\\\/silmajaam.ee\\\/#organization\"},\"potentialAction\":[{\"@type\":\"SearchAction\",\"target\":{\"@type\":\"EntryPoint\",\"urlTemplate\":\"https:\\\/\\\/silmajaam.ee\\\/?s={search_term_string}\"},\"query-input\":{\"@type\":\"PropertyValueSpecification\",\"valueRequired\":true,\"valueName\":\"search_term_string\"}}],\"inLanguage\":\"et\"},{\"@type\":\"Organization\",\"@id\":\"https:\\\/\\\/silmajaam.ee\\\/#organization\",\"name\":\"Silmajaam Optika\",\"url\":\"https:\\\/\\\/silmajaam.ee\\\/\",\"logo\":{\"@type\":\"ImageObject\",\"inLanguage\":\"et\",\"@id\":\"https:\\\/\\\/silmajaam.ee\\\/#\\\/schema\\\/logo\\\/image\\\/\",\"url\":\"https:\\\/\\\/silmajaam.ee\\\/wp-content\\\/uploads\\\/2020\\\/01\\\/Silmajaam-Optika-Logo-2.png\",\"contentUrl\":\"https:\\\/\\\/silmajaam.ee\\\/wp-content\\\/uploads\\\/2020\\\/01\\\/Silmajaam-Optika-Logo-2.png\",\"width\":1000,\"height\":127,\"caption\":\"Silmajaam Optika\"},\"image\":{\"@id\":\"https:\\\/\\\/silmajaam.ee\\\/#\\\/schema\\\/logo\\\/image\\\/\"}}]}<\/script>\n<!-- \/ Yoast SEO plugin. -->","yoast_head_json":{"title":"Acuvue Oasys 1-day with HydraLuxe \/ 30 l\u00e4\u00e4tse - 27.99\u20ac - Silmajaam Optika","description":"Uudne l\u00e4\u00e4tsematerjal koosneb \u00fchtsest pisarate sarnasest v\u00f5rgustikust, mis aitab silmadel s\u00e4ilitada loomulikku niiskustaset kogu p\u00e4eva kestel.","robots":{"index":"index","follow":"follow","max-snippet":"max-snippet:-1","max-image-preview":"max-image-preview:large","max-video-preview":"max-video-preview:-1"},"canonical":"https:\/\/silmajaam.ee\/?product=acuvue-oasys-1-day-with-hydraluxe-30-laatse","og_locale":"et_EE","og_type":"article","og_title":"Acuvue Oasys 1-day with HydraLuxe \/ 30 l\u00e4\u00e4tse - 27.99\u20ac - Silmajaam Optika","og_description":"Uudne l\u00e4\u00e4tsematerjal koosneb \u00fchtsest pisarate sarnasest v\u00f5rgustikust, mis aitab silmadel s\u00e4ilitada loomulikku niiskustaset kogu p\u00e4eva kestel.","og_url":"https:\/\/silmajaam.ee\/?product=acuvue-oasys-1-day-with-hydraluxe-30-laatse","og_site_name":"Silmajaam Optika","article_modified_time":"2023-11-06T12:07:28+00:00","og_image":[{"width":250,"height":250,"url":"https:\/\/silmajaam.ee\/wp-content\/uploads\/2020\/01\/acuvue-oasys-1-day-350x350-1-e1586207026429.jpg","type":"image\/jpeg"}],"twitter_card":"summary_large_image","twitter_misc":{"Est. reading time":"1 minut"},"schema":{"@context":"https:\/\/schema.org","@graph":[{"@type":"WebPage","@id":"https:\/\/silmajaam.ee\/?product=acuvue-oasys-1-day-with-hydraluxe-30-laatse","url":"https:\/\/silmajaam.ee\/?product=acuvue-oasys-1-day-with-hydraluxe-30-laatse","name":"Acuvue Oasys 1-day with HydraLuxe \/ 30 l\u00e4\u00e4tse - 27.99\u20ac - Silmajaam Optika","isPartOf":{"@id":"https:\/\/silmajaam.ee\/#website"},"primaryImageOfPage":{"@id":"https:\/\/silmajaam.ee\/?product=acuvue-oasys-1-day-with-hydraluxe-30-laatse#primaryimage"},"image":{"@id":"https:\/\/silmajaam.ee\/?product=acuvue-oasys-1-day-with-hydraluxe-30-laatse#primaryimage"},"thumbnailUrl":"https:\/\/silmajaam.ee\/wp-content\/uploads\/2020\/01\/acuvue-oasys-1-day-350x350-1-e1586207026429.jpg","datePublished":"2020-01-08T15:25:01+00:00","dateModified":"2023-11-06T12:07:28+00:00","description":"Uudne l\u00e4\u00e4tsematerjal koosneb \u00fchtsest pisarate sarnasest v\u00f5rgustikust, mis aitab silmadel s\u00e4ilitada loomulikku niiskustaset kogu p\u00e4eva kestel.","breadcrumb":{"@id":"https:\/\/silmajaam.ee\/?product=acuvue-oasys-1-day-with-hydraluxe-30-laatse#breadcrumb"},"inLanguage":"et","potentialAction":[{"@type":"ReadAction","target":["https:\/\/silmajaam.ee\/?product=acuvue-oasys-1-day-with-hydraluxe-30-laatse"]}]},{"@type":"ImageObject","inLanguage":"et","@id":"https:\/\/silmajaam.ee\/?product=acuvue-oasys-1-day-with-hydraluxe-30-laatse#primaryimage","url":"https:\/\/silmajaam.ee\/wp-content\/uploads\/2020\/01\/acuvue-oasys-1-day-350x350-1-e1586207026429.jpg","contentUrl":"https:\/\/silmajaam.ee\/wp-content\/uploads\/2020\/01\/acuvue-oasys-1-day-350x350-1-e1586207026429.jpg","width":250,"height":250},{"@type":"BreadcrumbList","@id":"https:\/\/silmajaam.ee\/?product=acuvue-oasys-1-day-with-hydraluxe-30-laatse#breadcrumb","itemListElement":[{"@type":"ListItem","position":1,"name":"Home","item":"https:\/\/silmajaam.ee\/"},{"@type":"ListItem","position":2,"name":"Pood","item":"https:\/\/silmajaam.ee\/?page_id=41861"},{"@type":"ListItem","position":3,"name":"Acuvue Oasys 1-day with HydraLuxe \/ 30 l\u00e4\u00e4tse"}]},{"@type":"WebSite","@id":"https:\/\/silmajaam.ee\/#website","url":"https:\/\/silmajaam.ee\/","name":"Silmajaam Optika","description":"Kontaktl&auml;&auml;tsed, lai valik prilliraame ja erinevate omadustega prilliklaase (isetumenduvad, peegeldusvastase kattega jne)","publisher":{"@id":"https:\/\/silmajaam.ee\/#organization"},"potentialAction":[{"@type":"SearchAction","target":{"@type":"EntryPoint","urlTemplate":"https:\/\/silmajaam.ee\/?s={search_term_string}"},"query-input":{"@type":"PropertyValueSpecification","valueRequired":true,"valueName":"search_term_string"}}],"inLanguage":"et"},{"@type":"Organization","@id":"https:\/\/silmajaam.ee\/#organization","name":"Silmajaam Optika","url":"https:\/\/silmajaam.ee\/","logo":{"@type":"ImageObject","inLanguage":"et","@id":"https:\/\/silmajaam.ee\/#\/schema\/logo\/image\/","url":"https:\/\/silmajaam.ee\/wp-content\/uploads\/2020\/01\/Silmajaam-Optika-Logo-2.png","contentUrl":"https:\/\/silmajaam.ee\/wp-content\/uploads\/2020\/01\/Silmajaam-Optika-Logo-2.png","width":1000,"height":127,"caption":"Silmajaam Optika"},"image":{"@id":"https:\/\/silmajaam.ee\/#\/schema\/logo\/image\/"}}]}},"jetpack_sharing_enabled":true,"_links":{"self":[{"href":"https:\/\/silmajaam.ee\/index.php?rest_route=\/wp\/v2\/product\/9710","targetHints":{"allow":["GET"]}}],"collection":[{"href":"https:\/\/silmajaam.ee\/index.php?rest_route=\/wp\/v2\/product"}],"about":[{"href":"https:\/\/silmajaam.ee\/index.php?rest_route=\/wp\/v2\/types\/product"}],"wp:featuredmedia":[{"embeddable":true,"href":"https:\/\/silmajaam.ee\/index.php?rest_route=\/wp\/v2\/media\/9711"}],"wp:attachment":[{"href":"https:\/\/silmajaam.ee\/index.php?rest_route=%2Fwp%2Fv2%2Fmedia&parent=9710"}],"wp:term":[{"taxonomy":"product_brand","embeddable":true,"href":"https:\/\/silmajaam.ee\/index.php?rest_route=%2Fwp%2Fv2%2Fproduct_brand&post=9710"},{"taxonomy":"product_cat","embeddable":true,"href":"https:\/\/silmajaam.ee\/index.php?rest_route=%2Fwp%2Fv2%2Fproduct_cat&post=9710"},{"taxonomy":"product_tag","embeddable":true,"href":"https:\/\/silmajaam.ee\/index.php?rest_route=%2Fwp%2Fv2%2Fproduct_tag&post=9710"}],"curies":[{"name":"wp","href":"https:\/\/api.w.org\/{rel}","templated":true}]}}